{"id":15415,"date":"2025-10-30T11:14:40","date_gmt":"2025-10-30T11:14:40","guid":{"rendered":"https:\/\/www.vinhosdoalgarve.pt\/?page_id=15415"},"modified":"2025-10-30T14:43:16","modified_gmt":"2025-10-30T14:43:16","slug":"certification-2","status":"publish","type":"page","link":"https:\/\/www.vinhosdoalgarve.pt\/fr\/la-commission\/certification-2\/","title":{"rendered":"Projets"},"content":{"rendered":"\t\t<div data-elementor-type=\"wp-page\" data-elementor-id=\"15415\" class=\"elementor elementor-15415 elementor-15413\">\n\t\t\t\t<div class=\"elementor-element elementor-element-cc6d0d7 e-flex e-con-boxed e-con e-parent\" data-id=\"cc6d0d7\" data-element_type=\"container\">\n\t\t\t\t\t<div class=\"e-con-inner\">\n\t\t\t\t<div class=\"elementor-element elementor-element-f3d6917 elementor-widget elementor-widget-image\" data-id=\"f3d6917\" data-element_type=\"widget\" data-widget_type=\"image.default\">\n\t\t\t\t<div class=\"elementor-widget-container\">\n\t\t\t\t\t\t\t\t\t\t\t\t\t\t\t<img fetchpriority=\"high\" decoding=\"async\" width=\"1024\" height=\"683\" src=\"https:\/\/www.vinhosdoalgarve.pt\/wp-content\/uploads\/2025\/10\/Villa-Alvor-34252-06052020-IG-1024x683.jpg\" class=\"attachment-large size-large wp-image-15420\" alt=\"\" srcset=\"https:\/\/www.vinhosdoalgarve.pt\/wp-content\/uploads\/2025\/10\/Villa-Alvor-34252-06052020-IG-1024x683.jpg 1024w, https:\/\/www.vinhosdoalgarve.pt\/wp-content\/uploads\/2025\/10\/Villa-Alvor-34252-06052020-IG-300x200.jpg 300w, https:\/\/www.vinhosdoalgarve.pt\/wp-content\/uploads\/2025\/10\/Villa-Alvor-34252-06052020-IG-768x512.jpg 768w, https:\/\/www.vinhosdoalgarve.pt\/wp-content\/uploads\/2025\/10\/Villa-Alvor-34252-06052020-IG.jpg 1080w\" sizes=\"(max-width: 1024px) 100vw, 1024px\" \/>\t\t\t\t\t\t\t\t\t\t\t\t\t\t\t<\/div>\n\t\t\t\t<\/div>\n\t\t\t\t\t<\/div>\n\t\t\t\t<\/div>\n\t\t<div class=\"elementor-element elementor-element-0e41c08 e-flex e-con-boxed e-con e-parent\" data-id=\"0e41c08\" data-element_type=\"container\">\n\t\t\t\t\t<div class=\"e-con-inner\">\n\t\t<div class=\"elementor-element elementor-element-f83cc9b e-con-full e-flex e-con e-child\" data-id=\"f83cc9b\" data-element_type=\"container\">\n\t\t\t\t<div class=\"elementor-element elementor-element-2049561 elementor-widget elementor-widget-chateau_core_section_title\" data-id=\"2049561\" data-element_type=\"widget\" data-widget_type=\"chateau_core_section_title.default\">\n\t\t\t\t<div class=\"elementor-widget-container\">\n\t\t\t\t\t<div class=\"qodef-shortcode qodef-m  qodef-section-title qodef-alignment--left qodef-title-break--disabled\">\n\t\t<h2 class=\"qodef-m-title\" >\n\t\t\t\t\tPROJETS\t\t\t<\/h2>\n\t<div class=\"qodef-m-subtitle-content qodef--has-appear\" >\n\t<div class=\"qodef-m-subtitle-line-one\" ><\/div>\n\t\t<div class=\"qodef-m-subtitle-line-two\" ><\/div>\n<\/div>\n\t<\/div>\n\t\t\t\t<\/div>\n\t\t\t\t<\/div>\n\t\t\t\t<\/div>\n\t\t<div class=\"elementor-element elementor-element-40b9ac0 e-con-full e-flex e-con e-child\" data-id=\"40b9ac0\" data-element_type=\"container\">\n\t\t\t\t<div class=\"elementor-element elementor-element-897becc elementor-widget elementor-widget-text-editor\" data-id=\"897becc\" data-element_type=\"widget\" data-widget_type=\"text-editor.default\">\n\t\t\t\t<div class=\"elementor-widget-container\">\n\t\t\t\t\t\t\t\t\t<p><span style=\"font-weight: 400;\">Ils visent \u00e0 valoriser les appellations d&rsquo;origine Lagos, Portim\u00e3o, Lagoa et Tavira ainsi que l&rsquo;indication g\u00e9ographique Algarve, \u00e0 accro\u00eetre les ventes nationales et les exportations, \u00e0 renforcer la notori\u00e9t\u00e9 aupr\u00e8s des publics cibles et \u00e0 pr\u00e9server et valoriser les sp\u00e9cificit\u00e9s du vin de l&rsquo;Algarve. <\/span><\/p><h5>-INTERNATIONALISER+ALGARVE 3.O \u2013 Promotion de la reconnaissance internationale de la r\u00e9gion de l&rsquo;Algarve\u2013<\/h5><ul><li style=\"list-style-type: none;\">\u00a0<\/li><\/ul><p><span style=\"color: #3366ff;\">Code du projet<\/span> \u2013 <span style=\"text-decoration: underline;\"><span style=\"color: #003366;\"><a style=\"color: #003366; text-decoration: underline;\" href=\"https:\/\/www.vinhosdoalgarve.pt\/wp-content\/uploads\/2025\/10\/Ficha-de-projeto_InternacionalizarAlgarve.pdf\">ALGARVE-FEDER-01348600<\/a><\/span><\/span><\/p><p><span style=\"color: #3366ff;\">R\u00e9gion d&rsquo;intervention<\/span> \u2013 R\u00e9gion de l&rsquo;Algarve<\/p><p><span style=\"color: #3366ff;\">Objectif principal<\/span> \u2013 Croissance et comp\u00e9titivit\u00e9 des PME<\/p><p><span style=\"color: #3366ff;\">Entit\u00e9s b\u00e9n\u00e9ficiaires<\/span> \u2013 NERA (chef de file), UALG, RTA, ATA, Algar Orange et Commission vitivinicole de l&rsquo;Algarve<\/p>\t\t\t\t\t\t\t\t<\/div>\n\t\t\t\t<\/div>\n\t\t\t\t<\/div>\n\t\t\t\t\t<\/div>\n\t\t\t\t<\/div>\n\t\t\t\t<section class=\"elementor-section elementor-top-section elementor-element elementor-element-0f28283 elementor-section-full_width elementor-section-height-default elementor-section-height-default\" data-id=\"0f28283\" data-element_type=\"section\">\n\t\t\t\t\t\t<div class=\"elementor-container elementor-column-gap-default\">\n\t\t\t\t\t<div class=\"elementor-column elementor-col-100 elementor-top-column elementor-element elementor-element-96a172b\" data-id=\"96a172b\" data-element_type=\"column\">\n\t\t\t<div class=\"elementor-widget-wrap\">\n\t\t\t\t\t\t\t<\/div>\n\t\t<\/div>\n\t\t\t\t\t<\/div>\n\t\t<\/section>\n\t\t\t\t<\/div>\n\t\t","protected":false},"excerpt":{"rendered":"<p>PROJETS Ils visent \u00e0 valoriser les appellations d&rsquo;origine Lagos, Portim\u00e3o, Lagoa et Tavira ainsi que l&rsquo;indication g\u00e9ographique Algarve, \u00e0 accro\u00eetre les ventes nationales et les exportations, \u00e0 renforcer la notori\u00e9t\u00e9 aupr\u00e8s des publics cibles et \u00e0 pr\u00e9server et valoriser les sp\u00e9cificit\u00e9s du vin de l&rsquo;Algarve. -INTERNATIONALISER+ALGARVE 3.O \u2013 Promotion de la reconnaissance internationale de la [&hellip;]<\/p>\n","protected":false},"author":5,"featured_media":0,"parent":13394,"menu_order":11,"comment_status":"closed","ping_status":"closed","template":"page-full-width.php","meta":{"_acf_changed":false,"inline_featured_image":false,"footnotes":""},"class_list":["post-15415","page","type-page","status-publish","hentry"],"acf":[],"yoast_head":"<!-- This site is optimized with the Yoast SEO plugin v26.7 - https:\/\/yoast.com\/wordpress\/plugins\/seo\/ -->\n<title>Projets - Comiss\u00e3o de Vinhos do Algarve<\/title>\n<meta name=\"robots\" content=\"index, follow, max-snippet:-1, max-image-preview:large, max-video-preview:-1\" \/>\n<link rel=\"canonical\" href=\"https:\/\/www.vinhosdoalgarve.pt\/fr\/la-commission\/certification-2\/\" \/>\n<meta property=\"og:locale\" content=\"fr_FR\" \/>\n<meta property=\"og:type\" content=\"article\" \/>\n<meta property=\"og:title\" content=\"Projets - Comiss\u00e3o de Vinhos do Algarve\" \/>\n<meta property=\"og:description\" content=\"PROJETS Ils visent \u00e0 valoriser les appellations d&rsquo;origine Lagos, Portim\u00e3o, Lagoa et Tavira ainsi que l&rsquo;indication g\u00e9ographique Algarve, \u00e0 accro\u00eetre les ventes nationales et les exportations, \u00e0 renforcer la notori\u00e9t\u00e9 aupr\u00e8s des publics cibles et \u00e0 pr\u00e9server et valoriser les sp\u00e9cificit\u00e9s du vin de l&rsquo;Algarve. -INTERNATIONALISER+ALGARVE 3.O \u2013 Promotion de la reconnaissance internationale de la [&hellip;]\" \/>\n<meta property=\"og:url\" content=\"https:\/\/www.vinhosdoalgarve.pt\/fr\/la-commission\/certification-2\/\" \/>\n<meta property=\"og:site_name\" content=\"Comiss\u00e3o de Vinhos do Algarve\" \/>\n<meta property=\"article:modified_time\" content=\"2025-10-30T14:43:16+00:00\" \/>\n<meta property=\"og:image\" content=\"https:\/\/www.vinhosdoalgarve.pt\/wp-content\/uploads\/2025\/10\/Villa-Alvor-34252-06052020-IG-e1760018947904.jpg\" \/>\n\t<meta property=\"og:image:width\" content=\"1080\" \/>\n\t<meta property=\"og:image:height\" content=\"489\" \/>\n\t<meta property=\"og:image:type\" content=\"image\/jpeg\" \/>\n<meta name=\"twitter:card\" content=\"summary_large_image\" \/>\n<script type=\"application\/ld+json\" class=\"yoast-schema-graph\">{\"@context\":\"https:\/\/schema.org\",\"@graph\":[{\"@type\":\"WebPage\",\"@id\":\"https:\/\/www.vinhosdoalgarve.pt\/fr\/la-commission\/certification-2\/\",\"url\":\"https:\/\/www.vinhosdoalgarve.pt\/fr\/la-commission\/certification-2\/\",\"name\":\"Projets - Comiss\u00e3o de Vinhos do Algarve\",\"isPartOf\":{\"@id\":\"https:\/\/www.vinhosdoalgarve.pt\/fr\/#website\"},\"primaryImageOfPage\":{\"@id\":\"https:\/\/www.vinhosdoalgarve.pt\/fr\/la-commission\/certification-2\/#primaryimage\"},\"image\":{\"@id\":\"https:\/\/www.vinhosdoalgarve.pt\/fr\/la-commission\/certification-2\/#primaryimage\"},\"thumbnailUrl\":\"https:\/\/www.vinhosdoalgarve.pt\/wp-content\/uploads\/2025\/10\/Villa-Alvor-34252-06052020-IG-e1760018947904-1024x464.jpg\",\"datePublished\":\"2025-10-30T11:14:40+00:00\",\"dateModified\":\"2025-10-30T14:43:16+00:00\",\"breadcrumb\":{\"@id\":\"https:\/\/www.vinhosdoalgarve.pt\/fr\/la-commission\/certification-2\/#breadcrumb\"},\"inLanguage\":\"fr-FR\",\"potentialAction\":[{\"@type\":\"ReadAction\",\"target\":[\"https:\/\/www.vinhosdoalgarve.pt\/fr\/la-commission\/certification-2\/\"]}]},{\"@type\":\"ImageObject\",\"inLanguage\":\"fr-FR\",\"@id\":\"https:\/\/www.vinhosdoalgarve.pt\/fr\/la-commission\/certification-2\/#primaryimage\",\"url\":\"https:\/\/www.vinhosdoalgarve.pt\/wp-content\/uploads\/2025\/10\/Villa-Alvor-34252-06052020-IG-e1760018947904-1024x464.jpg\",\"contentUrl\":\"https:\/\/www.vinhosdoalgarve.pt\/wp-content\/uploads\/2025\/10\/Villa-Alvor-34252-06052020-IG-e1760018947904-1024x464.jpg\"},{\"@type\":\"BreadcrumbList\",\"@id\":\"https:\/\/www.vinhosdoalgarve.pt\/fr\/la-commission\/certification-2\/#breadcrumb\",\"itemListElement\":[{\"@type\":\"ListItem\",\"position\":1,\"name\":\"Home\",\"item\":\"https:\/\/www.vinhosdoalgarve.pt\/fr\/\"},{\"@type\":\"ListItem\",\"position\":2,\"name\":\"La Commission\",\"item\":\"https:\/\/www.vinhosdoalgarve.pt\/fr\/?page_id=13394\"},{\"@type\":\"ListItem\",\"position\":3,\"name\":\"Projets\"}]},{\"@type\":\"WebSite\",\"@id\":\"https:\/\/www.vinhosdoalgarve.pt\/fr\/#website\",\"url\":\"https:\/\/www.vinhosdoalgarve.pt\/fr\/\",\"name\":\"Comiss\u00e3o de Vinhos do Algarve\",\"description\":\"\",\"publisher\":{\"@id\":\"https:\/\/www.vinhosdoalgarve.pt\/fr\/#organization\"},\"potentialAction\":[{\"@type\":\"SearchAction\",\"target\":{\"@type\":\"EntryPoint\",\"urlTemplate\":\"https:\/\/www.vinhosdoalgarve.pt\/fr\/?s={search_term_string}\"},\"query-input\":{\"@type\":\"PropertyValueSpecification\",\"valueRequired\":true,\"valueName\":\"search_term_string\"}}],\"inLanguage\":\"fr-FR\"},{\"@type\":\"Organization\",\"@id\":\"https:\/\/www.vinhosdoalgarve.pt\/fr\/#organization\",\"name\":\"Comiss\u00e3o de Vinhos do Algarve\",\"url\":\"https:\/\/www.vinhosdoalgarve.pt\/fr\/\",\"logo\":{\"@type\":\"ImageObject\",\"inLanguage\":\"fr-FR\",\"@id\":\"https:\/\/www.vinhosdoalgarve.pt\/fr\/#\/schema\/logo\/image\/\",\"url\":\"https:\/\/www.vinhosdoalgarve.pt\/wp-content\/uploads\/2023\/10\/logo-footer.svg\",\"contentUrl\":\"https:\/\/www.vinhosdoalgarve.pt\/wp-content\/uploads\/2023\/10\/logo-footer.svg\",\"width\":100,\"height\":245,\"caption\":\"Comiss\u00e3o de Vinhos do Algarve\"},\"image\":{\"@id\":\"https:\/\/www.vinhosdoalgarve.pt\/fr\/#\/schema\/logo\/image\/\"}}]}<\/script>\n<!-- \/ Yoast SEO plugin. -->","yoast_head_json":{"title":"Projets - Comiss\u00e3o de Vinhos do Algarve","robots":{"index":"index","follow":"follow","max-snippet":"max-snippet:-1","max-image-preview":"max-image-preview:large","max-video-preview":"max-video-preview:-1"},"canonical":"https:\/\/www.vinhosdoalgarve.pt\/fr\/la-commission\/certification-2\/","og_locale":"fr_FR","og_type":"article","og_title":"Projets - Comiss\u00e3o de Vinhos do Algarve","og_description":"PROJETS Ils visent \u00e0 valoriser les appellations d&rsquo;origine Lagos, Portim\u00e3o, Lagoa et Tavira ainsi que l&rsquo;indication g\u00e9ographique Algarve, \u00e0 accro\u00eetre les ventes nationales et les exportations, \u00e0 renforcer la notori\u00e9t\u00e9 aupr\u00e8s des publics cibles et \u00e0 pr\u00e9server et valoriser les sp\u00e9cificit\u00e9s du vin de l&rsquo;Algarve. -INTERNATIONALISER+ALGARVE 3.O \u2013 Promotion de la reconnaissance internationale de la [&hellip;]","og_url":"https:\/\/www.vinhosdoalgarve.pt\/fr\/la-commission\/certification-2\/","og_site_name":"Comiss\u00e3o de Vinhos do Algarve","article_modified_time":"2025-10-30T14:43:16+00:00","og_image":[{"width":1080,"height":489,"url":"https:\/\/www.vinhosdoalgarve.pt\/wp-content\/uploads\/2025\/10\/Villa-Alvor-34252-06052020-IG-e1760018947904.jpg","type":"image\/jpeg"}],"twitter_card":"summary_large_image","schema":{"@context":"https:\/\/schema.org","@graph":[{"@type":"WebPage","@id":"https:\/\/www.vinhosdoalgarve.pt\/fr\/la-commission\/certification-2\/","url":"https:\/\/www.vinhosdoalgarve.pt\/fr\/la-commission\/certification-2\/","name":"Projets - Comiss\u00e3o de Vinhos do Algarve","isPartOf":{"@id":"https:\/\/www.vinhosdoalgarve.pt\/fr\/#website"},"primaryImageOfPage":{"@id":"https:\/\/www.vinhosdoalgarve.pt\/fr\/la-commission\/certification-2\/#primaryimage"},"image":{"@id":"https:\/\/www.vinhosdoalgarve.pt\/fr\/la-commission\/certification-2\/#primaryimage"},"thumbnailUrl":"https:\/\/www.vinhosdoalgarve.pt\/wp-content\/uploads\/2025\/10\/Villa-Alvor-34252-06052020-IG-e1760018947904-1024x464.jpg","datePublished":"2025-10-30T11:14:40+00:00","dateModified":"2025-10-30T14:43:16+00:00","breadcrumb":{"@id":"https:\/\/www.vinhosdoalgarve.pt\/fr\/la-commission\/certification-2\/#breadcrumb"},"inLanguage":"fr-FR","potentialAction":[{"@type":"ReadAction","target":["https:\/\/www.vinhosdoalgarve.pt\/fr\/la-commission\/certification-2\/"]}]},{"@type":"ImageObject","inLanguage":"fr-FR","@id":"https:\/\/www.vinhosdoalgarve.pt\/fr\/la-commission\/certification-2\/#primaryimage","url":"https:\/\/www.vinhosdoalgarve.pt\/wp-content\/uploads\/2025\/10\/Villa-Alvor-34252-06052020-IG-e1760018947904-1024x464.jpg","contentUrl":"https:\/\/www.vinhosdoalgarve.pt\/wp-content\/uploads\/2025\/10\/Villa-Alvor-34252-06052020-IG-e1760018947904-1024x464.jpg"},{"@type":"BreadcrumbList","@id":"https:\/\/www.vinhosdoalgarve.pt\/fr\/la-commission\/certification-2\/#breadcrumb","itemListElement":[{"@type":"ListItem","position":1,"name":"Home","item":"https:\/\/www.vinhosdoalgarve.pt\/fr\/"},{"@type":"ListItem","position":2,"name":"La Commission","item":"https:\/\/www.vinhosdoalgarve.pt\/fr\/?page_id=13394"},{"@type":"ListItem","position":3,"name":"Projets"}]},{"@type":"WebSite","@id":"https:\/\/www.vinhosdoalgarve.pt\/fr\/#website","url":"https:\/\/www.vinhosdoalgarve.pt\/fr\/","name":"Comiss\u00e3o de Vinhos do Algarve","description":"","publisher":{"@id":"https:\/\/www.vinhosdoalgarve.pt\/fr\/#organization"},"potentialAction":[{"@type":"SearchAction","target":{"@type":"EntryPoint","urlTemplate":"https:\/\/www.vinhosdoalgarve.pt\/fr\/?s={search_term_string}"},"query-input":{"@type":"PropertyValueSpecification","valueRequired":true,"valueName":"search_term_string"}}],"inLanguage":"fr-FR"},{"@type":"Organization","@id":"https:\/\/www.vinhosdoalgarve.pt\/fr\/#organization","name":"Comiss\u00e3o de Vinhos do Algarve","url":"https:\/\/www.vinhosdoalgarve.pt\/fr\/","logo":{"@type":"ImageObject","inLanguage":"fr-FR","@id":"https:\/\/www.vinhosdoalgarve.pt\/fr\/#\/schema\/logo\/image\/","url":"https:\/\/www.vinhosdoalgarve.pt\/wp-content\/uploads\/2023\/10\/logo-footer.svg","contentUrl":"https:\/\/www.vinhosdoalgarve.pt\/wp-content\/uploads\/2023\/10\/logo-footer.svg","width":100,"height":245,"caption":"Comiss\u00e3o de Vinhos do Algarve"},"image":{"@id":"https:\/\/www.vinhosdoalgarve.pt\/fr\/#\/schema\/logo\/image\/"}}]}},"_links":{"self":[{"href":"https:\/\/www.vinhosdoalgarve.pt\/fr\/wp-json\/wp\/v2\/pages\/15415","targetHints":{"allow":["GET"]}}],"collection":[{"href":"https:\/\/www.vinhosdoalgarve.pt\/fr\/wp-json\/wp\/v2\/pages"}],"about":[{"href":"https:\/\/www.vinhosdoalgarve.pt\/fr\/wp-json\/wp\/v2\/types\/page"}],"author":[{"embeddable":true,"href":"https:\/\/www.vinhosdoalgarve.pt\/fr\/wp-json\/wp\/v2\/users\/5"}],"replies":[{"embeddable":true,"href":"https:\/\/www.vinhosdoalgarve.pt\/fr\/wp-json\/wp\/v2\/comments?post=15415"}],"version-history":[{"count":7,"href":"https:\/\/www.vinhosdoalgarve.pt\/fr\/wp-json\/wp\/v2\/pages\/15415\/revisions"}],"predecessor-version":[{"id":15537,"href":"https:\/\/www.vinhosdoalgarve.pt\/fr\/wp-json\/wp\/v2\/pages\/15415\/revisions\/15537"}],"up":[{"embeddable":true,"href":"https:\/\/www.vinhosdoalgarve.pt\/fr\/wp-json\/wp\/v2\/pages\/13394"}],"wp:attachment":[{"href":"https:\/\/www.vinhosdoalgarve.pt\/fr\/wp-json\/wp\/v2\/media?parent=15415"}],"curies":[{"name":"wp","href":"https:\/\/api.w.org\/{rel}","templated":true}]}}