{"id":13450,"date":"2023-11-27T08:54:44","date_gmt":"2023-11-27T08:54:44","guid":{"rendered":"https:\/\/www.vinhosdoalgarve.pt\/enoturismo\/"},"modified":"2024-05-02T08:26:26","modified_gmt":"2024-05-02T08:26:26","slug":"oenotourisme","status":"publish","type":"page","link":"https:\/\/www.vinhosdoalgarve.pt\/fr\/oenotourisme\/","title":{"rendered":"\u0152notourisme"},"content":{"rendered":"\t\t<div data-elementor-type=\"wp-page\" data-elementor-id=\"13450\" class=\"elementor elementor-13450 elementor-11375\">\n\t\t\t\t\t\t<section class=\"elementor-section elementor-top-section elementor-element elementor-element-1060c14 elementor-section-full_width elementor-section-height-min-height elementor-section-height-default elementor-section-items-middle\" data-id=\"1060c14\" data-element_type=\"section\" data-settings=\"{&quot;background_background&quot;:&quot;slideshow&quot;,&quot;background_slideshow_gallery&quot;:[{&quot;id&quot;:11626,&quot;url&quot;:&quot;https:\\\/\\\/www.vinhosdoalgarve.pt\\\/wp-content\\\/uploads\\\/2024\\\/01\\\/18A1148-scaled.jpg&quot;}],&quot;background_slideshow_loop&quot;:&quot;yes&quot;,&quot;background_slideshow_slide_duration&quot;:5000,&quot;background_slideshow_slide_transition&quot;:&quot;fade&quot;,&quot;background_slideshow_transition_duration&quot;:500}\">\n\t\t\t\t\t\t<div class=\"elementor-container elementor-column-gap-default\">\n\t\t\t\t\t<div class=\"elementor-column elementor-col-100 elementor-top-column elementor-element elementor-element-ac60b91\" data-id=\"ac60b91\" data-element_type=\"column\">\n\t\t\t<div class=\"elementor-widget-wrap\">\n\t\t\t\t\t\t\t<\/div>\n\t\t<\/div>\n\t\t\t\t\t<\/div>\n\t\t<\/section>\n\t\t\t\t<section class=\"elementor-section elementor-top-section elementor-element elementor-element-a182459 elementor-section-full_width qodef-elementor-content-grid elementor-section-height-default elementor-section-height-default\" data-id=\"a182459\" data-element_type=\"section\">\n\t\t\t\t\t\t<div class=\"elementor-container elementor-column-gap-default\">\n\t\t\t\t\t<div class=\"elementor-column elementor-col-50 elementor-top-column elementor-element elementor-element-6ced14e\" data-id=\"6ced14e\" data-element_type=\"column\" data-settings=\"{&quot;background_background&quot;:&quot;classic&quot;}\">\n\t\t\t<div class=\"elementor-widget-wrap elementor-element-populated\">\n\t\t\t\t\t\t<div class=\"elementor-element elementor-element-4eb7d70 elementor-widget elementor-widget-chateau_core_section_title\" data-id=\"4eb7d70\" data-element_type=\"widget\" data-widget_type=\"chateau_core_section_title.default\">\n\t\t\t\t<div class=\"elementor-widget-container\">\n\t\t\t\t\t<div class=\"qodef-shortcode qodef-m  qodef-section-title qodef-alignment--left \">\n\t\t<h2 class=\"qodef-m-title\" >\n\t\t\t\t\t\u0152NOTOURISME\t\t\t<\/h2>\n\t<div class=\"qodef-m-subtitle-content qodef--has-appear\" style=\"margin-top: 14px\">\n\t<div class=\"qodef-m-subtitle-line-one\" style=\"width: 25px;background-color: #354C04\"><\/div>\n\t\t<div class=\"qodef-m-subtitle-line-two\" style=\"display: none;\"><\/div>\n<\/div>\n\t\t<p class=\"qodef-m-text\" style=\"color: #205EAA\">La diversit\u00e9 des paysages, de la gastronomie et de la culture, ainsi que l&#039;histoire du vin, font de l&#039;Algarve un territoire unique. D\u00e9couvrez l&#039;\u0153notourisme de notre r\u00e9gion, \u00e0 travers l&#039;Algarve Wine Tourism et les exp\u00e9riences propos\u00e9es par ses membres <\/p>\n<\/div>\n\t\t\t\t<\/div>\n\t\t\t\t<\/div>\n\t\t\t\t<div class=\"elementor-element elementor-element-a2eefc3 elementor-widget__width-inherit elementor-widget elementor-widget-chateau_core_button\" data-id=\"a2eefc3\" data-element_type=\"widget\" data-widget_type=\"chateau_core_button.default\">\n\t\t\t\t<div class=\"elementor-widget-container\">\n\t\t\t\t\t<a class=\"qodef-shortcode qodef-m  qodef-button qodef-layout--discontinuous  qodef-html--link\" href=\"https:\/\/algarvewinetourism.pt\/\" target=\"_blank\"  >\n\t<span class=\"qodef-m-text\">Algarve wine tourism<\/span>\n\t<span class=\"qodef-disc-btn qodef-disc-btn-top-left\"><\/span>\n\t<span class=\"qodef-disc-btn qodef-disc-btn-top-right\"><\/span>\n\t<span class=\"qodef-disc-btn qodef-disc-btn-right\"><\/span>\n\t<span class=\"qodef-disc-btn qodef-disc-btn-bottom-right\"><\/span>\n\t<span class=\"qodef-disc-btn qodef-disc-btn-bottom-left\"><\/span>\n\t<span class=\"qodef-disc-btn qodef-blob-btn-left\"><\/span>\n<\/a>\n\t\t\t\t<\/div>\n\t\t\t\t<\/div>\n\t\t\t\t\t<\/div>\n\t\t<\/div>\n\t\t\t\t<div class=\"elementor-column elementor-col-50 elementor-top-column elementor-element elementor-element-47658fd\" data-id=\"47658fd\" data-element_type=\"column\">\n\t\t\t<div class=\"elementor-widget-wrap elementor-element-populated\">\n\t\t\t\t\t\t<div class=\"elementor-element elementor-element-629d619 elementor-widget elementor-widget-video\" data-id=\"629d619\" data-element_type=\"widget\" data-settings=\"{&quot;youtube_url&quot;:&quot;https:\\\/\\\/www.youtube.com\\\/watch?v=QiEjUyMrrD0&amp;ab_channel=VinhosdoAlgarve&quot;,&quot;autoplay&quot;:&quot;yes&quot;,&quot;play_on_mobile&quot;:&quot;yes&quot;,&quot;video_type&quot;:&quot;youtube&quot;,&quot;controls&quot;:&quot;yes&quot;}\" data-widget_type=\"video.default\">\n\t\t\t\t<div class=\"elementor-widget-container\">\n\t\t\t\t\t\t\t<div class=\"elementor-wrapper elementor-open-inline\">\n\t\t\t<div class=\"elementor-video\"><\/div>\t\t<\/div>\n\t\t\t\t\t\t<\/div>\n\t\t\t\t<\/div>\n\t\t\t\t\t<\/div>\n\t\t<\/div>\n\t\t\t\t\t<\/div>\n\t\t<\/section>\n\t\t\t\t<section class=\"elementor-section elementor-top-section elementor-element elementor-element-0f28283 elementor-section-full_width elementor-section-height-default elementor-section-height-default\" data-id=\"0f28283\" data-element_type=\"section\">\n\t\t\t\t\t\t<div class=\"elementor-container elementor-column-gap-default\">\n\t\t\t\t\t<div class=\"elementor-column elementor-col-100 elementor-top-column elementor-element elementor-element-96a172b\" data-id=\"96a172b\" data-element_type=\"column\">\n\t\t\t<div class=\"elementor-widget-wrap elementor-element-populated\">\n\t\t\t\t\t\t<div class=\"elementor-element elementor-element-d167a9a elementor-widget elementor-widget-chateau_core_image_gallery\" data-id=\"d167a9a\" data-element_type=\"widget\" data-widget_type=\"chateau_core_image_gallery.default\">\n\t\t\t\t<div class=\"elementor-widget-container\">\n\t\t\t\t\t<div class=\"qodef-shortcode qodef-m  qodef-image-gallery qodef-magnific-popup qodef-popup-gallery   qodef-grid qodef-layout--columns  qodef-gutter--tiny qodef-vertical-gutter--tiny qodef-col-num--5    qodef-responsive--custom qodef-col-num--1440--5 qodef-col-num--1366--5 qodef-col-num--1024--5 qodef-col-num--768--2 qodef-col-num--680--1 qodef-col-num--480--1\" >\n\t<div class=\"qodef-grid-inner\">\n\t\t<div class=\"qodef-e qodef-image-wrapper qodef-grid-item \">\n\t\t\t<a class=\"qodef-popup-item\" itemprop=\"image\" href=\"https:\/\/www.vinhosdoalgarve.pt\/wp-content\/uploads\/2024\/01\/18A1102-scaled.jpg\" data-type=\"image\" title=\"\">\n\t\t<span class=\"qodef-hover-plus\"><\/span>\n\t\t\t<img fetchpriority=\"high\" decoding=\"async\" width=\"1707\" height=\"2560\" src=\"https:\/\/www.vinhosdoalgarve.pt\/wp-content\/uploads\/2024\/01\/18A1102-scaled.jpg\" class=\"attachment-full size-full\" alt=\"\" srcset=\"https:\/\/www.vinhosdoalgarve.pt\/wp-content\/uploads\/2024\/01\/18A1102-scaled.jpg 1707w, https:\/\/www.vinhosdoalgarve.pt\/wp-content\/uploads\/2024\/01\/18A1102-200x300.jpg 200w, https:\/\/www.vinhosdoalgarve.pt\/wp-content\/uploads\/2024\/01\/18A1102-683x1024.jpg 683w, https:\/\/www.vinhosdoalgarve.pt\/wp-content\/uploads\/2024\/01\/18A1102-768x1152.jpg 768w, https:\/\/www.vinhosdoalgarve.pt\/wp-content\/uploads\/2024\/01\/18A1102-1024x1536.jpg 1024w, https:\/\/www.vinhosdoalgarve.pt\/wp-content\/uploads\/2024\/01\/18A1102-1365x2048.jpg 1365w\" sizes=\"(max-width: 1707px) 100vw, 1707px\" \/>\t\t\t<\/a>\n\t<\/div>\n<div class=\"qodef-e qodef-image-wrapper qodef-grid-item \">\n\t\t\t<a class=\"qodef-popup-item\" itemprop=\"image\" href=\"https:\/\/www.vinhosdoalgarve.pt\/wp-content\/uploads\/2024\/01\/18A1081-scaled.jpg\" data-type=\"image\" title=\"\">\n\t\t<span class=\"qodef-hover-plus\"><\/span>\n\t\t\t<img decoding=\"async\" width=\"1707\" height=\"2560\" src=\"https:\/\/www.vinhosdoalgarve.pt\/wp-content\/uploads\/2024\/01\/18A1081-scaled.jpg\" class=\"attachment-full size-full\" alt=\"\" srcset=\"https:\/\/www.vinhosdoalgarve.pt\/wp-content\/uploads\/2024\/01\/18A1081-scaled.jpg 1707w, https:\/\/www.vinhosdoalgarve.pt\/wp-content\/uploads\/2024\/01\/18A1081-200x300.jpg 200w, https:\/\/www.vinhosdoalgarve.pt\/wp-content\/uploads\/2024\/01\/18A1081-683x1024.jpg 683w, https:\/\/www.vinhosdoalgarve.pt\/wp-content\/uploads\/2024\/01\/18A1081-768x1152.jpg 768w, https:\/\/www.vinhosdoalgarve.pt\/wp-content\/uploads\/2024\/01\/18A1081-1024x1536.jpg 1024w, https:\/\/www.vinhosdoalgarve.pt\/wp-content\/uploads\/2024\/01\/18A1081-1365x2048.jpg 1365w\" sizes=\"(max-width: 1707px) 100vw, 1707px\" \/>\t\t\t<\/a>\n\t<\/div>\n<div class=\"qodef-e qodef-image-wrapper qodef-grid-item \">\n\t\t\t<a class=\"qodef-popup-item\" itemprop=\"image\" href=\"https:\/\/www.vinhosdoalgarve.pt\/wp-content\/uploads\/2024\/01\/18A1457-scaled.jpg\" data-type=\"image\" title=\"\">\n\t\t<span class=\"qodef-hover-plus\"><\/span>\n\t\t\t<img decoding=\"async\" width=\"1707\" height=\"2560\" src=\"https:\/\/www.vinhosdoalgarve.pt\/wp-content\/uploads\/2024\/01\/18A1457-scaled.jpg\" class=\"attachment-full size-full\" alt=\"\" srcset=\"https:\/\/www.vinhosdoalgarve.pt\/wp-content\/uploads\/2024\/01\/18A1457-scaled.jpg 1707w, https:\/\/www.vinhosdoalgarve.pt\/wp-content\/uploads\/2024\/01\/18A1457-200x300.jpg 200w, https:\/\/www.vinhosdoalgarve.pt\/wp-content\/uploads\/2024\/01\/18A1457-683x1024.jpg 683w, https:\/\/www.vinhosdoalgarve.pt\/wp-content\/uploads\/2024\/01\/18A1457-768x1152.jpg 768w, https:\/\/www.vinhosdoalgarve.pt\/wp-content\/uploads\/2024\/01\/18A1457-1024x1536.jpg 1024w, https:\/\/www.vinhosdoalgarve.pt\/wp-content\/uploads\/2024\/01\/18A1457-1365x2048.jpg 1365w\" sizes=\"(max-width: 1707px) 100vw, 1707px\" \/>\t\t\t<\/a>\n\t<\/div>\n<div class=\"qodef-e qodef-image-wrapper qodef-grid-item \">\n\t\t\t<a class=\"qodef-popup-item\" itemprop=\"image\" href=\"https:\/\/www.vinhosdoalgarve.pt\/wp-content\/uploads\/2024\/01\/18A1011-scaled.jpg\" data-type=\"image\" title=\"\">\n\t\t<span class=\"qodef-hover-plus\"><\/span>\n\t\t\t<img loading=\"lazy\" decoding=\"async\" width=\"1707\" height=\"2560\" src=\"https:\/\/www.vinhosdoalgarve.pt\/wp-content\/uploads\/2024\/01\/18A1011-scaled.jpg\" class=\"attachment-full size-full\" alt=\"\" srcset=\"https:\/\/www.vinhosdoalgarve.pt\/wp-content\/uploads\/2024\/01\/18A1011-scaled.jpg 1707w, https:\/\/www.vinhosdoalgarve.pt\/wp-content\/uploads\/2024\/01\/18A1011-200x300.jpg 200w, https:\/\/www.vinhosdoalgarve.pt\/wp-content\/uploads\/2024\/01\/18A1011-683x1024.jpg 683w, https:\/\/www.vinhosdoalgarve.pt\/wp-content\/uploads\/2024\/01\/18A1011-768x1152.jpg 768w, https:\/\/www.vinhosdoalgarve.pt\/wp-content\/uploads\/2024\/01\/18A1011-1024x1536.jpg 1024w, https:\/\/www.vinhosdoalgarve.pt\/wp-content\/uploads\/2024\/01\/18A1011-1365x2048.jpg 1365w\" sizes=\"(max-width: 1707px) 100vw, 1707px\" \/>\t\t\t<\/a>\n\t<\/div>\n<div class=\"qodef-e qodef-image-wrapper qodef-grid-item \">\n\t\t\t<a class=\"qodef-popup-item\" itemprop=\"image\" href=\"https:\/\/www.vinhosdoalgarve.pt\/wp-content\/uploads\/2024\/01\/18A1367-scaled.jpg\" data-type=\"image\" title=\"\">\n\t\t<span class=\"qodef-hover-plus\"><\/span>\n\t\t\t<img loading=\"lazy\" decoding=\"async\" width=\"1707\" height=\"2560\" src=\"https:\/\/www.vinhosdoalgarve.pt\/wp-content\/uploads\/2024\/01\/18A1367-scaled.jpg\" class=\"attachment-full size-full\" alt=\"\" srcset=\"https:\/\/www.vinhosdoalgarve.pt\/wp-content\/uploads\/2024\/01\/18A1367-scaled.jpg 1707w, https:\/\/www.vinhosdoalgarve.pt\/wp-content\/uploads\/2024\/01\/18A1367-200x300.jpg 200w, https:\/\/www.vinhosdoalgarve.pt\/wp-content\/uploads\/2024\/01\/18A1367-683x1024.jpg 683w, https:\/\/www.vinhosdoalgarve.pt\/wp-content\/uploads\/2024\/01\/18A1367-768x1152.jpg 768w, https:\/\/www.vinhosdoalgarve.pt\/wp-content\/uploads\/2024\/01\/18A1367-1024x1536.jpg 1024w, https:\/\/www.vinhosdoalgarve.pt\/wp-content\/uploads\/2024\/01\/18A1367-1365x2048.jpg 1365w\" sizes=\"(max-width: 1707px) 100vw, 1707px\" \/>\t\t\t<\/a>\n\t<\/div>\n\t<\/div>\n<\/div>\n\t\t\t\t<\/div>\n\t\t\t\t<\/div>\n\t\t\t\t\t<\/div>\n\t\t<\/div>\n\t\t\t\t\t<\/div>\n\t\t<\/section>\n\t\t\t\t<\/div>\n\t\t","protected":false},"excerpt":{"rendered":"<p>\u0152NOTOURISME La diversit\u00e9 des paysages, de la gastronomie et de la culture, ainsi que l&#039;histoire du vin, font de l&#039;Algarve un territoire unique. D\u00e9couvrez l&#039;\u0153notourisme de notre r\u00e9gion, \u00e0 travers l&#039;Algarve Wine Tourism et les exp\u00e9riences propos\u00e9es par ses membres Algarve wine tourism<\/p>\n","protected":false},"author":1,"featured_media":10985,"parent":0,"menu_order":6,"comment_status":"closed","ping_status":"closed","template":"page-full-width.php","meta":{"_acf_changed":false,"inline_featured_image":false,"footnotes":""},"class_list":["post-13450","page","type-page","status-publish","has-post-thumbnail","hentry"],"acf":[],"yoast_head":"<!-- This site is optimized with the Yoast SEO plugin v26.7 - https:\/\/yoast.com\/wordpress\/plugins\/seo\/ -->\n<title>\u0152notourisme - Comiss\u00e3o de Vinhos do Algarve<\/title>\n<meta name=\"robots\" content=\"index, follow, max-snippet:-1, max-image-preview:large, max-video-preview:-1\" \/>\n<link rel=\"canonical\" href=\"https:\/\/www.vinhosdoalgarve.pt\/fr\/oenotourisme\/\" \/>\n<meta property=\"og:locale\" content=\"fr_FR\" \/>\n<meta property=\"og:type\" content=\"article\" \/>\n<meta property=\"og:title\" content=\"\u0152notourisme - Comiss\u00e3o de Vinhos do Algarve\" \/>\n<meta property=\"og:description\" content=\"\u0152NOTOURISME La diversit\u00e9 des paysages, de la gastronomie et de la culture, ainsi que l&#039;histoire du vin, font de l&#039;Algarve un territoire unique. D\u00e9couvrez l&#039;\u0153notourisme de notre r\u00e9gion, \u00e0 travers l&#039;Algarve Wine Tourism et les exp\u00e9riences propos\u00e9es par ses membres Algarve wine tourism\" \/>\n<meta property=\"og:url\" content=\"https:\/\/www.vinhosdoalgarve.pt\/fr\/oenotourisme\/\" \/>\n<meta property=\"og:site_name\" content=\"Comiss\u00e3o de Vinhos do Algarve\" \/>\n<meta property=\"article:modified_time\" content=\"2024-05-02T08:26:26+00:00\" \/>\n<meta property=\"og:image\" content=\"https:\/\/www.vinhosdoalgarve.pt\/wp-content\/uploads\/2023\/02\/Chateau_open_graph.png\" \/>\n\t<meta property=\"og:image:width\" content=\"1200\" \/>\n\t<meta property=\"og:image:height\" content=\"630\" \/>\n\t<meta property=\"og:image:type\" content=\"image\/png\" \/>\n<meta name=\"twitter:card\" content=\"summary_large_image\" \/>\n<script type=\"application\/ld+json\" class=\"yoast-schema-graph\">{\"@context\":\"https:\/\/schema.org\",\"@graph\":[{\"@type\":\"WebPage\",\"@id\":\"https:\/\/www.vinhosdoalgarve.pt\/fr\/oenotourisme\/\",\"url\":\"https:\/\/www.vinhosdoalgarve.pt\/fr\/oenotourisme\/\",\"name\":\"\u0152notourisme - Comiss\u00e3o de Vinhos do Algarve\",\"isPartOf\":{\"@id\":\"https:\/\/www.vinhosdoalgarve.pt\/fr\/#website\"},\"primaryImageOfPage\":{\"@id\":\"https:\/\/www.vinhosdoalgarve.pt\/fr\/oenotourisme\/#primaryimage\"},\"image\":{\"@id\":\"https:\/\/www.vinhosdoalgarve.pt\/fr\/oenotourisme\/#primaryimage\"},\"thumbnailUrl\":\"https:\/\/www.vinhosdoalgarve.pt\/wp-content\/uploads\/2023\/02\/Chateau_open_graph.png\",\"datePublished\":\"2023-11-27T08:54:44+00:00\",\"dateModified\":\"2024-05-02T08:26:26+00:00\",\"breadcrumb\":{\"@id\":\"https:\/\/www.vinhosdoalgarve.pt\/fr\/oenotourisme\/#breadcrumb\"},\"inLanguage\":\"fr-FR\",\"potentialAction\":[{\"@type\":\"ReadAction\",\"target\":[\"https:\/\/www.vinhosdoalgarve.pt\/fr\/oenotourisme\/\"]}]},{\"@type\":\"ImageObject\",\"inLanguage\":\"fr-FR\",\"@id\":\"https:\/\/www.vinhosdoalgarve.pt\/fr\/oenotourisme\/#primaryimage\",\"url\":\"https:\/\/www.vinhosdoalgarve.pt\/wp-content\/uploads\/2023\/02\/Chateau_open_graph.png\",\"contentUrl\":\"https:\/\/www.vinhosdoalgarve.pt\/wp-content\/uploads\/2023\/02\/Chateau_open_graph.png\",\"width\":1200,\"height\":630},{\"@type\":\"BreadcrumbList\",\"@id\":\"https:\/\/www.vinhosdoalgarve.pt\/fr\/oenotourisme\/#breadcrumb\",\"itemListElement\":[{\"@type\":\"ListItem\",\"position\":1,\"name\":\"Home\",\"item\":\"https:\/\/www.vinhosdoalgarve.pt\/fr\/\"},{\"@type\":\"ListItem\",\"position\":2,\"name\":\"\u0152notourisme\"}]},{\"@type\":\"WebSite\",\"@id\":\"https:\/\/www.vinhosdoalgarve.pt\/fr\/#website\",\"url\":\"https:\/\/www.vinhosdoalgarve.pt\/fr\/\",\"name\":\"Comiss\u00e3o de Vinhos do Algarve\",\"description\":\"\",\"publisher\":{\"@id\":\"https:\/\/www.vinhosdoalgarve.pt\/fr\/#organization\"},\"potentialAction\":[{\"@type\":\"SearchAction\",\"target\":{\"@type\":\"EntryPoint\",\"urlTemplate\":\"https:\/\/www.vinhosdoalgarve.pt\/fr\/?s={search_term_string}\"},\"query-input\":{\"@type\":\"PropertyValueSpecification\",\"valueRequired\":true,\"valueName\":\"search_term_string\"}}],\"inLanguage\":\"fr-FR\"},{\"@type\":\"Organization\",\"@id\":\"https:\/\/www.vinhosdoalgarve.pt\/fr\/#organization\",\"name\":\"Comiss\u00e3o de Vinhos do Algarve\",\"url\":\"https:\/\/www.vinhosdoalgarve.pt\/fr\/\",\"logo\":{\"@type\":\"ImageObject\",\"inLanguage\":\"fr-FR\",\"@id\":\"https:\/\/www.vinhosdoalgarve.pt\/fr\/#\/schema\/logo\/image\/\",\"url\":\"https:\/\/www.vinhosdoalgarve.pt\/wp-content\/uploads\/2023\/10\/logo-footer.svg\",\"contentUrl\":\"https:\/\/www.vinhosdoalgarve.pt\/wp-content\/uploads\/2023\/10\/logo-footer.svg\",\"width\":100,\"height\":245,\"caption\":\"Comiss\u00e3o de Vinhos do Algarve\"},\"image\":{\"@id\":\"https:\/\/www.vinhosdoalgarve.pt\/fr\/#\/schema\/logo\/image\/\"}}]}<\/script>\n<!-- \/ Yoast SEO plugin. -->","yoast_head_json":{"title":"\u0152notourisme - Comiss\u00e3o de Vinhos do Algarve","robots":{"index":"index","follow":"follow","max-snippet":"max-snippet:-1","max-image-preview":"max-image-preview:large","max-video-preview":"max-video-preview:-1"},"canonical":"https:\/\/www.vinhosdoalgarve.pt\/fr\/oenotourisme\/","og_locale":"fr_FR","og_type":"article","og_title":"\u0152notourisme - Comiss\u00e3o de Vinhos do Algarve","og_description":"\u0152NOTOURISME La diversit\u00e9 des paysages, de la gastronomie et de la culture, ainsi que l&#039;histoire du vin, font de l&#039;Algarve un territoire unique. D\u00e9couvrez l&#039;\u0153notourisme de notre r\u00e9gion, \u00e0 travers l&#039;Algarve Wine Tourism et les exp\u00e9riences propos\u00e9es par ses membres Algarve wine tourism","og_url":"https:\/\/www.vinhosdoalgarve.pt\/fr\/oenotourisme\/","og_site_name":"Comiss\u00e3o de Vinhos do Algarve","article_modified_time":"2024-05-02T08:26:26+00:00","og_image":[{"width":1200,"height":630,"url":"https:\/\/www.vinhosdoalgarve.pt\/wp-content\/uploads\/2023\/02\/Chateau_open_graph.png","type":"image\/png"}],"twitter_card":"summary_large_image","schema":{"@context":"https:\/\/schema.org","@graph":[{"@type":"WebPage","@id":"https:\/\/www.vinhosdoalgarve.pt\/fr\/oenotourisme\/","url":"https:\/\/www.vinhosdoalgarve.pt\/fr\/oenotourisme\/","name":"\u0152notourisme - Comiss\u00e3o de Vinhos do Algarve","isPartOf":{"@id":"https:\/\/www.vinhosdoalgarve.pt\/fr\/#website"},"primaryImageOfPage":{"@id":"https:\/\/www.vinhosdoalgarve.pt\/fr\/oenotourisme\/#primaryimage"},"image":{"@id":"https:\/\/www.vinhosdoalgarve.pt\/fr\/oenotourisme\/#primaryimage"},"thumbnailUrl":"https:\/\/www.vinhosdoalgarve.pt\/wp-content\/uploads\/2023\/02\/Chateau_open_graph.png","datePublished":"2023-11-27T08:54:44+00:00","dateModified":"2024-05-02T08:26:26+00:00","breadcrumb":{"@id":"https:\/\/www.vinhosdoalgarve.pt\/fr\/oenotourisme\/#breadcrumb"},"inLanguage":"fr-FR","potentialAction":[{"@type":"ReadAction","target":["https:\/\/www.vinhosdoalgarve.pt\/fr\/oenotourisme\/"]}]},{"@type":"ImageObject","inLanguage":"fr-FR","@id":"https:\/\/www.vinhosdoalgarve.pt\/fr\/oenotourisme\/#primaryimage","url":"https:\/\/www.vinhosdoalgarve.pt\/wp-content\/uploads\/2023\/02\/Chateau_open_graph.png","contentUrl":"https:\/\/www.vinhosdoalgarve.pt\/wp-content\/uploads\/2023\/02\/Chateau_open_graph.png","width":1200,"height":630},{"@type":"BreadcrumbList","@id":"https:\/\/www.vinhosdoalgarve.pt\/fr\/oenotourisme\/#breadcrumb","itemListElement":[{"@type":"ListItem","position":1,"name":"Home","item":"https:\/\/www.vinhosdoalgarve.pt\/fr\/"},{"@type":"ListItem","position":2,"name":"\u0152notourisme"}]},{"@type":"WebSite","@id":"https:\/\/www.vinhosdoalgarve.pt\/fr\/#website","url":"https:\/\/www.vinhosdoalgarve.pt\/fr\/","name":"Comiss\u00e3o de Vinhos do Algarve","description":"","publisher":{"@id":"https:\/\/www.vinhosdoalgarve.pt\/fr\/#organization"},"potentialAction":[{"@type":"SearchAction","target":{"@type":"EntryPoint","urlTemplate":"https:\/\/www.vinhosdoalgarve.pt\/fr\/?s={search_term_string}"},"query-input":{"@type":"PropertyValueSpecification","valueRequired":true,"valueName":"search_term_string"}}],"inLanguage":"fr-FR"},{"@type":"Organization","@id":"https:\/\/www.vinhosdoalgarve.pt\/fr\/#organization","name":"Comiss\u00e3o de Vinhos do Algarve","url":"https:\/\/www.vinhosdoalgarve.pt\/fr\/","logo":{"@type":"ImageObject","inLanguage":"fr-FR","@id":"https:\/\/www.vinhosdoalgarve.pt\/fr\/#\/schema\/logo\/image\/","url":"https:\/\/www.vinhosdoalgarve.pt\/wp-content\/uploads\/2023\/10\/logo-footer.svg","contentUrl":"https:\/\/www.vinhosdoalgarve.pt\/wp-content\/uploads\/2023\/10\/logo-footer.svg","width":100,"height":245,"caption":"Comiss\u00e3o de Vinhos do Algarve"},"image":{"@id":"https:\/\/www.vinhosdoalgarve.pt\/fr\/#\/schema\/logo\/image\/"}}]}},"_links":{"self":[{"href":"https:\/\/www.vinhosdoalgarve.pt\/fr\/wp-json\/wp\/v2\/pages\/13450","targetHints":{"allow":["GET"]}}],"collection":[{"href":"https:\/\/www.vinhosdoalgarve.pt\/fr\/wp-json\/wp\/v2\/pages"}],"about":[{"href":"https:\/\/www.vinhosdoalgarve.pt\/fr\/wp-json\/wp\/v2\/types\/page"}],"author":[{"embeddable":true,"href":"https:\/\/www.vinhosdoalgarve.pt\/fr\/wp-json\/wp\/v2\/users\/1"}],"replies":[{"embeddable":true,"href":"https:\/\/www.vinhosdoalgarve.pt\/fr\/wp-json\/wp\/v2\/comments?post=13450"}],"version-history":[{"count":7,"href":"https:\/\/www.vinhosdoalgarve.pt\/fr\/wp-json\/wp\/v2\/pages\/13450\/revisions"}],"predecessor-version":[{"id":14155,"href":"https:\/\/www.vinhosdoalgarve.pt\/fr\/wp-json\/wp\/v2\/pages\/13450\/revisions\/14155"}],"wp:featuredmedia":[{"embeddable":true,"href":"https:\/\/www.vinhosdoalgarve.pt\/fr\/wp-json\/wp\/v2\/media\/10985"}],"wp:attachment":[{"href":"https:\/\/www.vinhosdoalgarve.pt\/fr\/wp-json\/wp\/v2\/media?parent=13450"}],"curies":[{"name":"wp","href":"https:\/\/api.w.org\/{rel}","templated":true}]}}