{"id":13430,"date":"2023-12-19T17:31:59","date_gmt":"2023-12-19T17:31:59","guid":{"rendered":"https:\/\/www.vinhosdoalgarve.pt\/comunicados-de-imprensa\/"},"modified":"2024-05-02T08:28:16","modified_gmt":"2024-05-02T08:28:16","slug":"comunicados-de-imprensa","status":"publish","type":"page","link":"https:\/\/www.vinhosdoalgarve.pt\/fr\/comunicados-de-imprensa\/","title":{"rendered":"Presse"},"content":{"rendered":"\t\t<div data-elementor-type=\"wp-page\" data-elementor-id=\"13430\" class=\"elementor elementor-13430 elementor-11439\">\n\t\t\t\t<div class=\"elementor-element elementor-element-4856fab7 e-flex e-con-boxed e-con e-parent\" data-id=\"4856fab7\" data-element_type=\"container\">\n\t\t\t\t\t<div class=\"e-con-inner\">\n\t\t\t\t<div class=\"elementor-element elementor-element-600148b elementor-widget elementor-widget-text-editor\" data-id=\"600148b\" data-element_type=\"widget\" data-widget_type=\"text-editor.default\">\n\t\t\t\t<div class=\"elementor-widget-container\">\n\t\t\t\t\t\t\t\t\t<div class=\"wp-block-spacer\" style=\"height: 100px;\" aria-hidden=\"true\">\u00a0<\/div><h2 class=\"wp-block-heading\"><span class=\"TextRun SCXW87872016 BCX0\" lang=\"FR-FR\" xml:lang=\"FR-FR\" data-contrast=\"auto\"><span class=\"NormalTextRun SCXW87872016 BCX0\">T\u00c9L\u00c9CHARGEZ NOTRE DOSSIER DE PRESSE<\/span><\/span><\/h2>\t\t\t\t\t\t\t\t<\/div>\n\t\t\t\t<\/div>\n\t\t\t\t\t<\/div>\n\t\t\t\t<\/div>\n\t\t<div class=\"elementor-element elementor-element-72c6665 e-flex e-con-boxed e-con e-parent\" data-id=\"72c6665\" data-element_type=\"container\">\n\t\t\t\t\t<div class=\"e-con-inner\">\n\t\t<div class=\"elementor-element elementor-element-5cbc705 e-con-full e-flex e-con e-child\" data-id=\"5cbc705\" data-element_type=\"container\">\n\t\t\t\t<div class=\"elementor-element elementor-element-59cff68 elementor-widget elementor-widget-text-editor\" data-id=\"59cff68\" data-element_type=\"widget\" data-widget_type=\"text-editor.default\">\n\t\t\t\t<div class=\"elementor-widget-container\">\n\t\t\t\t\t\t\t\t\t<h6>&#8211; <span class=\"TextRun SCXW15274713 BCX0\" lang=\"FR-FR\" xml:lang=\"FR-FR\" data-contrast=\"auto\"><span class=\"NormalTextRun SCXW15274713 BCX0\">T\u00c9L\u00c9CHARGEZ ICI NOTRE DOSSIER DE PRESSE, NOTRE LOGO, NOS IMAGES ET NOS INFORMATIONS SUR LA COMMISSION VITIVINICOLE DE L&rsquo;ALGARVE<\/span><\/span> &#8211;<\/h6>\t\t\t\t\t\t\t\t<\/div>\n\t\t\t\t<\/div>\n\t\t\t\t<\/div>\n\t\t<div class=\"elementor-element elementor-element-041e965 e-con-full e-flex e-con e-child\" data-id=\"041e965\" data-element_type=\"container\">\n\t\t<div class=\"elementor-element elementor-element-393a04c e-flex e-con-boxed e-con e-child\" data-id=\"393a04c\" data-element_type=\"container\">\n\t\t\t\t\t<div class=\"e-con-inner\">\n\t\t\t\t\t<\/div>\n\t\t\t\t<\/div>\n\t\t<div class=\"elementor-element elementor-element-6156b9a e-flex e-con-boxed e-con e-child\" data-id=\"6156b9a\" data-element_type=\"container\">\n\t\t\t\t\t<div class=\"e-con-inner\">\n\t\t\t\t<div class=\"elementor-element elementor-element-068ef24 elementor-widget elementor-widget-chateau_core_button\" data-id=\"068ef24\" data-element_type=\"widget\" data-widget_type=\"chateau_core_button.default\">\n\t\t\t\t<div class=\"elementor-widget-container\">\n\t\t\t\t\t<a class=\"qodef-shortcode qodef-m  qodef-button qodef-layout--discontinuous  qodef-html--link\" href=\"https:\/\/www.vinhosdoalgarve.pt\/wp-content\/uploads\/2024\/04\/Press-Kit_CVA_FR.zip\" target=\"_self\"  >\n\t<span class=\"qodef-m-text\">T\u00c9L\u00c9CHARGEZ ICI<\/span>\n\t<span class=\"qodef-disc-btn qodef-disc-btn-top-left\"><\/span>\n\t<span class=\"qodef-disc-btn qodef-disc-btn-top-right\"><\/span>\n\t<span class=\"qodef-disc-btn qodef-disc-btn-right\"><\/span>\n\t<span class=\"qodef-disc-btn qodef-disc-btn-bottom-right\"><\/span>\n\t<span class=\"qodef-disc-btn qodef-disc-btn-bottom-left\"><\/span>\n\t<span class=\"qodef-disc-btn qodef-blob-btn-left\"><\/span>\n<\/a>\n\t\t\t\t<\/div>\n\t\t\t\t<\/div>\n\t\t\t\t\t<\/div>\n\t\t\t\t<\/div>\n\t\t\t\t<\/div>\n\t\t\t\t\t<\/div>\n\t\t\t\t<\/div>\n\t\t\t\t<\/div>\n\t\t","protected":false},"excerpt":{"rendered":"<p>\u00a0 T\u00c9L\u00c9CHARGEZ NOTRE DOSSIER DE PRESSE &#8211; T\u00c9L\u00c9CHARGEZ ICI NOTRE DOSSIER DE PRESSE, NOTRE LOGO, NOS IMAGES ET NOS INFORMATIONS SUR LA COMMISSION VITIVINICOLE DE L&rsquo;ALGARVE &#8211; T\u00c9L\u00c9CHARGEZ ICI<\/p>\n","protected":false},"author":1,"featured_media":0,"parent":0,"menu_order":0,"comment_status":"closed","ping_status":"closed","template":"","meta":{"_acf_changed":false,"inline_featured_image":false,"footnotes":""},"class_list":["post-13430","page","type-page","status-publish","hentry"],"acf":[],"yoast_head":"<!-- This site is optimized with the Yoast SEO plugin v26.7 - https:\/\/yoast.com\/wordpress\/plugins\/seo\/ -->\n<title>Presse - Comiss\u00e3o de Vinhos do Algarve<\/title>\n<meta name=\"robots\" content=\"index, follow, max-snippet:-1, max-image-preview:large, max-video-preview:-1\" \/>\n<link rel=\"canonical\" href=\"https:\/\/www.vinhosdoalgarve.pt\/fr\/comunicados-de-imprensa\/\" \/>\n<meta property=\"og:locale\" content=\"fr_FR\" \/>\n<meta property=\"og:type\" content=\"article\" \/>\n<meta property=\"og:title\" content=\"Presse - Comiss\u00e3o de Vinhos do Algarve\" \/>\n<meta property=\"og:description\" content=\"\u00a0 T\u00c9L\u00c9CHARGEZ NOTRE DOSSIER DE PRESSE &#8211; T\u00c9L\u00c9CHARGEZ ICI NOTRE DOSSIER DE PRESSE, NOTRE LOGO, NOS IMAGES ET NOS INFORMATIONS SUR LA COMMISSION VITIVINICOLE DE L&rsquo;ALGARVE &#8211; T\u00c9L\u00c9CHARGEZ ICI\" \/>\n<meta property=\"og:url\" content=\"https:\/\/www.vinhosdoalgarve.pt\/fr\/comunicados-de-imprensa\/\" \/>\n<meta property=\"og:site_name\" content=\"Comiss\u00e3o de Vinhos do Algarve\" \/>\n<meta property=\"article:modified_time\" content=\"2024-05-02T08:28:16+00:00\" \/>\n<meta name=\"twitter:card\" content=\"summary_large_image\" \/>\n<script type=\"application\/ld+json\" class=\"yoast-schema-graph\">{\"@context\":\"https:\/\/schema.org\",\"@graph\":[{\"@type\":\"WebPage\",\"@id\":\"https:\/\/www.vinhosdoalgarve.pt\/fr\/comunicados-de-imprensa\/\",\"url\":\"https:\/\/www.vinhosdoalgarve.pt\/fr\/comunicados-de-imprensa\/\",\"name\":\"Presse - Comiss\u00e3o de Vinhos do Algarve\",\"isPartOf\":{\"@id\":\"https:\/\/www.vinhosdoalgarve.pt\/fr\/#website\"},\"datePublished\":\"2023-12-19T17:31:59+00:00\",\"dateModified\":\"2024-05-02T08:28:16+00:00\",\"breadcrumb\":{\"@id\":\"https:\/\/www.vinhosdoalgarve.pt\/fr\/comunicados-de-imprensa\/#breadcrumb\"},\"inLanguage\":\"fr-FR\",\"potentialAction\":[{\"@type\":\"ReadAction\",\"target\":[\"https:\/\/www.vinhosdoalgarve.pt\/fr\/comunicados-de-imprensa\/\"]}]},{\"@type\":\"BreadcrumbList\",\"@id\":\"https:\/\/www.vinhosdoalgarve.pt\/fr\/comunicados-de-imprensa\/#breadcrumb\",\"itemListElement\":[{\"@type\":\"ListItem\",\"position\":1,\"name\":\"Home\",\"item\":\"https:\/\/www.vinhosdoalgarve.pt\/fr\/\"},{\"@type\":\"ListItem\",\"position\":2,\"name\":\"Presse\"}]},{\"@type\":\"WebSite\",\"@id\":\"https:\/\/www.vinhosdoalgarve.pt\/fr\/#website\",\"url\":\"https:\/\/www.vinhosdoalgarve.pt\/fr\/\",\"name\":\"Comiss\u00e3o de Vinhos do Algarve\",\"description\":\"\",\"publisher\":{\"@id\":\"https:\/\/www.vinhosdoalgarve.pt\/fr\/#organization\"},\"potentialAction\":[{\"@type\":\"SearchAction\",\"target\":{\"@type\":\"EntryPoint\",\"urlTemplate\":\"https:\/\/www.vinhosdoalgarve.pt\/fr\/?s={search_term_string}\"},\"query-input\":{\"@type\":\"PropertyValueSpecification\",\"valueRequired\":true,\"valueName\":\"search_term_string\"}}],\"inLanguage\":\"fr-FR\"},{\"@type\":\"Organization\",\"@id\":\"https:\/\/www.vinhosdoalgarve.pt\/fr\/#organization\",\"name\":\"Comiss\u00e3o de Vinhos do Algarve\",\"url\":\"https:\/\/www.vinhosdoalgarve.pt\/fr\/\",\"logo\":{\"@type\":\"ImageObject\",\"inLanguage\":\"fr-FR\",\"@id\":\"https:\/\/www.vinhosdoalgarve.pt\/fr\/#\/schema\/logo\/image\/\",\"url\":\"https:\/\/www.vinhosdoalgarve.pt\/wp-content\/uploads\/2023\/10\/logo-footer.svg\",\"contentUrl\":\"https:\/\/www.vinhosdoalgarve.pt\/wp-content\/uploads\/2023\/10\/logo-footer.svg\",\"width\":100,\"height\":245,\"caption\":\"Comiss\u00e3o de Vinhos do Algarve\"},\"image\":{\"@id\":\"https:\/\/www.vinhosdoalgarve.pt\/fr\/#\/schema\/logo\/image\/\"}}]}<\/script>\n<!-- \/ Yoast SEO plugin. -->","yoast_head_json":{"title":"Presse - Comiss\u00e3o de Vinhos do Algarve","robots":{"index":"index","follow":"follow","max-snippet":"max-snippet:-1","max-image-preview":"max-image-preview:large","max-video-preview":"max-video-preview:-1"},"canonical":"https:\/\/www.vinhosdoalgarve.pt\/fr\/comunicados-de-imprensa\/","og_locale":"fr_FR","og_type":"article","og_title":"Presse - Comiss\u00e3o de Vinhos do Algarve","og_description":"\u00a0 T\u00c9L\u00c9CHARGEZ NOTRE DOSSIER DE PRESSE &#8211; T\u00c9L\u00c9CHARGEZ ICI NOTRE DOSSIER DE PRESSE, NOTRE LOGO, NOS IMAGES ET NOS INFORMATIONS SUR LA COMMISSION VITIVINICOLE DE L&rsquo;ALGARVE &#8211; T\u00c9L\u00c9CHARGEZ ICI","og_url":"https:\/\/www.vinhosdoalgarve.pt\/fr\/comunicados-de-imprensa\/","og_site_name":"Comiss\u00e3o de Vinhos do Algarve","article_modified_time":"2024-05-02T08:28:16+00:00","twitter_card":"summary_large_image","schema":{"@context":"https:\/\/schema.org","@graph":[{"@type":"WebPage","@id":"https:\/\/www.vinhosdoalgarve.pt\/fr\/comunicados-de-imprensa\/","url":"https:\/\/www.vinhosdoalgarve.pt\/fr\/comunicados-de-imprensa\/","name":"Presse - Comiss\u00e3o de Vinhos do Algarve","isPartOf":{"@id":"https:\/\/www.vinhosdoalgarve.pt\/fr\/#website"},"datePublished":"2023-12-19T17:31:59+00:00","dateModified":"2024-05-02T08:28:16+00:00","breadcrumb":{"@id":"https:\/\/www.vinhosdoalgarve.pt\/fr\/comunicados-de-imprensa\/#breadcrumb"},"inLanguage":"fr-FR","potentialAction":[{"@type":"ReadAction","target":["https:\/\/www.vinhosdoalgarve.pt\/fr\/comunicados-de-imprensa\/"]}]},{"@type":"BreadcrumbList","@id":"https:\/\/www.vinhosdoalgarve.pt\/fr\/comunicados-de-imprensa\/#breadcrumb","itemListElement":[{"@type":"ListItem","position":1,"name":"Home","item":"https:\/\/www.vinhosdoalgarve.pt\/fr\/"},{"@type":"ListItem","position":2,"name":"Presse"}]},{"@type":"WebSite","@id":"https:\/\/www.vinhosdoalgarve.pt\/fr\/#website","url":"https:\/\/www.vinhosdoalgarve.pt\/fr\/","name":"Comiss\u00e3o de Vinhos do Algarve","description":"","publisher":{"@id":"https:\/\/www.vinhosdoalgarve.pt\/fr\/#organization"},"potentialAction":[{"@type":"SearchAction","target":{"@type":"EntryPoint","urlTemplate":"https:\/\/www.vinhosdoalgarve.pt\/fr\/?s={search_term_string}"},"query-input":{"@type":"PropertyValueSpecification","valueRequired":true,"valueName":"search_term_string"}}],"inLanguage":"fr-FR"},{"@type":"Organization","@id":"https:\/\/www.vinhosdoalgarve.pt\/fr\/#organization","name":"Comiss\u00e3o de Vinhos do Algarve","url":"https:\/\/www.vinhosdoalgarve.pt\/fr\/","logo":{"@type":"ImageObject","inLanguage":"fr-FR","@id":"https:\/\/www.vinhosdoalgarve.pt\/fr\/#\/schema\/logo\/image\/","url":"https:\/\/www.vinhosdoalgarve.pt\/wp-content\/uploads\/2023\/10\/logo-footer.svg","contentUrl":"https:\/\/www.vinhosdoalgarve.pt\/wp-content\/uploads\/2023\/10\/logo-footer.svg","width":100,"height":245,"caption":"Comiss\u00e3o de Vinhos do Algarve"},"image":{"@id":"https:\/\/www.vinhosdoalgarve.pt\/fr\/#\/schema\/logo\/image\/"}}]}},"_links":{"self":[{"href":"https:\/\/www.vinhosdoalgarve.pt\/fr\/wp-json\/wp\/v2\/pages\/13430","targetHints":{"allow":["GET"]}}],"collection":[{"href":"https:\/\/www.vinhosdoalgarve.pt\/fr\/wp-json\/wp\/v2\/pages"}],"about":[{"href":"https:\/\/www.vinhosdoalgarve.pt\/fr\/wp-json\/wp\/v2\/types\/page"}],"author":[{"embeddable":true,"href":"https:\/\/www.vinhosdoalgarve.pt\/fr\/wp-json\/wp\/v2\/users\/1"}],"replies":[{"embeddable":true,"href":"https:\/\/www.vinhosdoalgarve.pt\/fr\/wp-json\/wp\/v2\/comments?post=13430"}],"version-history":[{"count":8,"href":"https:\/\/www.vinhosdoalgarve.pt\/fr\/wp-json\/wp\/v2\/pages\/13430\/revisions"}],"predecessor-version":[{"id":14289,"href":"https:\/\/www.vinhosdoalgarve.pt\/fr\/wp-json\/wp\/v2\/pages\/13430\/revisions\/14289"}],"wp:attachment":[{"href":"https:\/\/www.vinhosdoalgarve.pt\/fr\/wp-json\/wp\/v2\/media?parent=13430"}],"curies":[{"name":"wp","href":"https:\/\/api.w.org\/{rel}","templated":true}]}}