{"id":13412,"date":"2023-11-02T10:45:02","date_gmt":"2023-11-02T10:45:02","guid":{"rendered":"https:\/\/www.vinhosdoalgarve.pt\/la-commission\/certificacao\/"},"modified":"2026-02-02T12:49:46","modified_gmt":"2026-02-02T12:49:46","slug":"certification","status":"publish","type":"page","link":"https:\/\/www.vinhosdoalgarve.pt\/fr\/la-commission\/certification\/","title":{"rendered":"\u00c0 propos de la certification"},"content":{"rendered":"\t\t<div data-elementor-type=\"wp-page\" data-elementor-id=\"13412\" class=\"elementor elementor-13412 elementor-11047\">\n\t\t\t\t\t\t<section class=\"elementor-section elementor-top-section elementor-element elementor-element-de771c1 elementor-section-full_width elementor-section-height-min-height elementor-section-height-default elementor-section-items-middle\" data-id=\"de771c1\" data-element_type=\"section\" data-settings=\"{&quot;background_background&quot;:&quot;classic&quot;}\">\n\t\t\t\t\t\t<div class=\"elementor-container elementor-column-gap-default\">\n\t\t\t\t\t<div class=\"elementor-column elementor-col-100 elementor-top-column elementor-element elementor-element-4960781\" data-id=\"4960781\" data-element_type=\"column\">\n\t\t\t<div class=\"elementor-widget-wrap\">\n\t\t\t\t\t\t\t<\/div>\n\t\t<\/div>\n\t\t\t\t\t<\/div>\n\t\t<\/section>\n\t\t<div class=\"elementor-element elementor-element-0e41c08 e-flex e-con-boxed e-con e-parent\" data-id=\"0e41c08\" data-element_type=\"container\">\n\t\t\t\t\t<div class=\"e-con-inner\">\n\t\t<div class=\"elementor-element elementor-element-f83cc9b e-con-full e-flex e-con e-child\" data-id=\"f83cc9b\" data-element_type=\"container\">\n\t\t\t\t<div class=\"elementor-element elementor-element-2049561 elementor-widget elementor-widget-chateau_core_section_title\" data-id=\"2049561\" data-element_type=\"widget\" data-widget_type=\"chateau_core_section_title.default\">\n\t\t\t\t<div class=\"elementor-widget-container\">\n\t\t\t\t\t<div class=\"qodef-shortcode qodef-m  qodef-section-title qodef-alignment--left qodef-title-break--disabled\">\n\t\t<h1 class=\"qodef-m-title\" >\n\t\t\t\t\tCertifica\u00e7\u00e3o\t\t\t<\/h1>\n\t<div class=\"qodef-m-subtitle-content qodef--has-appear\" >\n\t<div class=\"qodef-m-subtitle-line-one\" ><\/div>\n\t\t<div class=\"qodef-m-subtitle-line-two\" ><\/div>\n<\/div>\n\t<\/div>\n\t\t\t\t<\/div>\n\t\t\t\t<\/div>\n\t\t\t\t<\/div>\n\t\t<div class=\"elementor-element elementor-element-40b9ac0 e-con-full e-flex e-con e-child\" data-id=\"40b9ac0\" data-element_type=\"container\">\n\t\t\t\t<div class=\"elementor-element elementor-element-897becc elementor-widget elementor-widget-text-editor\" data-id=\"897becc\" data-element_type=\"widget\" data-widget_type=\"text-editor.default\">\n\t\t\t\t<div class=\"elementor-widget-container\">\n\t\t\t\t\t\t\t\t\t<h5><strong>A CVA \u00e9 a entidade respons\u00e1vel por garantir a origem, a qualidade e genuinidade dos vinhos da Regi\u00e3o do Algarve. <\/strong><\/h5><p><span style=\"font-weight: 400;\">\u00c9 a certifica\u00e7\u00e3o DO (Denomina\u00e7\u00e3o de Origem) ou IG (Indica\u00e7\u00e3o Geogr\u00e1fica) que garante ao consumidor a qualidade continua e consistente do produto adquirido.<\/span><\/p><h5>&#8211; Enquadramento Legal e Documentos no \u00e2mbito da certifica\u00e7\u00e3o da CVA &#8211;<\/h5><ul><li style=\"list-style-type: none;\"><ul><li style=\"font-weight: 400;\" aria-level=\"2\"><span style=\"text-decoration: underline;\"><strong><a href=\"https:\/\/www.vinhosdoalgarve.pt\/wp-content\/uploads\/2024\/02\/Decreto-lei-299-90-de-24-de-Setembro-Estatutos-DOC-Lagos-Portimao-Lagoa-Tavira.pdf\" target=\"_blank\" rel=\"noopener\">Decreto-Lei n.\u00ba 299\/90 de 24 de Setembro<\/a><\/strong><\/span><\/li><li style=\"font-weight: 400;\" aria-level=\"2\"><span style=\"text-decoration: underline;\"><strong><a href=\"https:\/\/www.vinhosdoalgarve.pt\/wp-content\/uploads\/2024\/02\/Decreto-Lei-318-2003-de-20-de-Dezembro-Alteracao-Estatutos-DOC.pdf\" target=\"_blank\" rel=\"noopener\">Decreto-Lei n.\u00ba 318\/2003 de 20 de Dezembro<\/a><\/strong><\/span><\/li><li style=\"font-weight: 400;\" aria-level=\"2\"><span style=\"text-decoration: underline;\"><strong><a href=\"https:\/\/www.vinhosdoalgarve.pt\/wp-content\/uploads\/2024\/02\/Portaria-n.o-72-2014-IGP-ALGARVE-17-Mar-2014.pdf\" target=\"_blank\" rel=\"noopener\">Portaria n.\u00ba 72\/2014 de 17 de Mar\u00e7o<\/a><\/strong><\/span><\/li><li style=\"font-weight: 400;\" aria-level=\"2\"><span style=\"text-decoration: underline;\"><strong><a href=\"https:\/\/www.vinhosdoalgarve.pt\/wp-content\/uploads\/2024\/02\/Portaria_347_2015-1a-Alteracao-Portaria-no-72-2014-IGP-Algarve.pdf\" target=\"_blank\" rel=\"noopener\">Portaria n.\u00ba 347\/2015 de 12 de Outubro<\/a><\/strong><\/span><\/li><li style=\"font-weight: 400;\" aria-level=\"2\"><span style=\"text-decoration: underline;\"><strong><a href=\"https:\/\/www.vinhosdoalgarve.pt\/wp-content\/uploads\/2024\/02\/Aviso-12253-2023-IGP-Algarve.pdf\" target=\"_blank\" rel=\"noopener\">Aviso 12253\/2023 de 28 de junho de 2023<\/a><\/strong><\/span><\/li><li style=\"font-weight: 400;\" aria-level=\"2\"><span style=\"text-decoration: underline;\"><strong><a href=\"https:\/\/www.vinhosdoalgarve.pt\/wp-content\/uploads\/2024\/02\/Estatutos-CVA.pdf\" target=\"_blank\" rel=\"noopener\">Estatutos da Comiss\u00e3o Vitivin\u00edcola do Algarve<\/a><\/strong><\/span><\/li><li style=\"font-weight: 400;\" aria-level=\"2\"><span style=\"font-weight: 400;\">Regulamento Interno da CVA<\/span><\/li><li aria-level=\"2\"><span style=\"text-decoration: underline;\"><strong><a href=\"https:\/\/www.vinhosdoalgarve.pt\/wp-content\/uploads\/2024\/02\/Manual-do-Sistema-de-Gestao-v15.pdf\" target=\"_blank\" rel=\"noopener\">Manual do Sistema de Gest\u00e3o<\/a><\/strong><\/span><\/li><li style=\"font-weight: 400;\" aria-level=\"2\"><span style=\"font-weight: 400;\">Manual de Procedimentos T\u00e9cnicos<\/span><\/li><li><span style=\"text-decoration: underline;\"><strong><a href=\"https:\/\/www.vinhosdoalgarve.pt\/wp-content\/uploads\/2024\/02\/OT_1_2022_Ed2_maio2023.pdf\" target=\"_blank\" rel=\"noopener\">Orienta\u00e7\u00e3o T\u00e9cnica &#8211; Plano de Controlos para os Produtos Certificados DO\/IG<\/a><\/strong><\/span><\/li><\/ul><\/li><\/ul><h5> &#8211; Esquema de Certifica\u00e7\u00e3o &#8211;<\/h5><p><span style=\"font-weight: 400;\">A CVA disponibiliza a certifica\u00e7\u00e3o de produto seguindo a norma NP ISO\/IEC 17065, e adotou o esquema de certifica\u00e7\u00e3o 4, exceto al\u00ednea c) do ponto 6 definido na NP EN ISO\/IEC 17067.<\/span><\/p><h6><span style=\"text-decoration: underline;\"><a href=\"https:\/\/www.vinhosdoalgarve.pt\/wp-content\/uploads\/2024\/01\/Esquema-de-Certificacao-CVA.pdf\" target=\"_blank\" rel=\"noopener\"><i><span style=\"font-weight: 400;\">Veja aqui o esquema completo de certifica\u00e7\u00e3o<\/span><\/i><\/a><\/span><\/h6><p><strong><span style=\"text-decoration: underline;\"><a href=\"https:\/\/www.vinhosdoalgarve.pt\/wp-content\/uploads\/2024\/01\/ANULACAO-REDUCAO-SUSPENSAO-OU-RETIRADA-DA-CERTIFICACAO.pdf\" target=\"_blank\" rel=\"noopener\">Anula\u00e7\u00e3o, redu\u00e7\u00e3o, suspens\u00e3o ou retirada da certifica\u00e7\u00e3o.<\/a><\/span><\/strong><\/p><p><strong><span style=\"text-decoration: underline;\"><a href=\"https:\/\/www.vinhosdoalgarve.pt\/wp-content\/uploads\/2024\/01\/PROCEDIMENTO-DE-RECLAMACOES.pdf\" target=\"_blank\" rel=\"noopener\">Procedimento de Reclama\u00e7\u00f5es.<\/a><\/span><\/strong><\/p><p><strong><span style=\"text-decoration: underline;\"><a href=\"https:\/\/www.vinhosdoalgarve.pt\/wp-content\/uploads\/2024\/01\/RECECAO-REGISTO-E-TRATAMENTO-DE-RECURSOS.pdf\" target=\"_blank\" rel=\"noopener\">Rece\u00e7\u00e3o, registo e tratamento de recursos.<\/a><\/span><\/strong><\/p>\t\t\t\t\t\t\t\t<\/div>\n\t\t\t\t<\/div>\n\t\t\t\t<\/div>\n\t\t\t\t\t<\/div>\n\t\t\t\t<\/div>\n\t\t\t\t<section class=\"elementor-section elementor-top-section elementor-element elementor-element-0f28283 elementor-section-full_width elementor-section-height-default elementor-section-height-default\" data-id=\"0f28283\" data-element_type=\"section\">\n\t\t\t\t\t\t<div class=\"elementor-container elementor-column-gap-default\">\n\t\t\t\t\t<div class=\"elementor-column elementor-col-100 elementor-top-column elementor-element elementor-element-96a172b\" data-id=\"96a172b\" data-element_type=\"column\">\n\t\t\t<div class=\"elementor-widget-wrap\">\n\t\t\t\t\t\t\t<\/div>\n\t\t<\/div>\n\t\t\t\t\t<\/div>\n\t\t<\/section>\n\t\t\t\t<\/div>\n\t\t","protected":false},"excerpt":{"rendered":"<p>Certifica\u00e7\u00e3o A CVA \u00e9 a entidade respons\u00e1vel por garantir a origem, a qualidade e genuinidade dos vinhos da Regi\u00e3o do Algarve. \u00c9 a certifica\u00e7\u00e3o DO (Denomina\u00e7\u00e3o de Origem) ou IG (Indica\u00e7\u00e3o Geogr\u00e1fica) que garante ao consumidor a qualidade continua e consistente do produto adquirido. &#8211; Enquadramento Legal e Documentos no \u00e2mbito da certifica\u00e7\u00e3o da CVA [&hellip;]<\/p>\n","protected":false},"author":1,"featured_media":0,"parent":13394,"menu_order":11,"comment_status":"closed","ping_status":"closed","template":"page-full-width.php","meta":{"_acf_changed":false,"inline_featured_image":false,"footnotes":""},"class_list":["post-13412","page","type-page","status-publish","hentry"],"acf":[],"yoast_head":"<!-- This site is optimized with the Yoast SEO plugin v26.7 - https:\/\/yoast.com\/wordpress\/plugins\/seo\/ -->\n<title>\u00c0 propos de la certification - Comiss\u00e3o de Vinhos do Algarve<\/title>\n<meta name=\"robots\" content=\"index, follow, max-snippet:-1, max-image-preview:large, max-video-preview:-1\" \/>\n<link rel=\"canonical\" href=\"https:\/\/www.vinhosdoalgarve.pt\/fr\/la-commission\/certification\/\" \/>\n<meta property=\"og:locale\" content=\"fr_FR\" \/>\n<meta property=\"og:type\" content=\"article\" \/>\n<meta property=\"og:title\" content=\"\u00c0 propos de la certification - Comiss\u00e3o de Vinhos do Algarve\" \/>\n<meta property=\"og:description\" content=\"Certifica\u00e7\u00e3o A CVA \u00e9 a entidade respons\u00e1vel por garantir a origem, a qualidade e genuinidade dos vinhos da Regi\u00e3o do Algarve. \u00c9 a certifica\u00e7\u00e3o DO (Denomina\u00e7\u00e3o de Origem) ou IG (Indica\u00e7\u00e3o Geogr\u00e1fica) que garante ao consumidor a qualidade continua e consistente do produto adquirido. &#8211; Enquadramento Legal e Documentos no \u00e2mbito da certifica\u00e7\u00e3o da CVA [&hellip;]\" \/>\n<meta property=\"og:url\" content=\"https:\/\/www.vinhosdoalgarve.pt\/fr\/la-commission\/certification\/\" \/>\n<meta property=\"og:site_name\" content=\"Comiss\u00e3o de Vinhos do Algarve\" \/>\n<meta property=\"article:modified_time\" content=\"2026-02-02T12:49:46+00:00\" \/>\n<meta name=\"twitter:card\" content=\"summary_large_image\" \/>\n<meta name=\"twitter:label1\" content=\"Dur\u00e9e de lecture estim\u00e9e\" \/>\n\t<meta name=\"twitter:data1\" content=\"1 minute\" \/>\n<script type=\"application\/ld+json\" class=\"yoast-schema-graph\">{\"@context\":\"https:\/\/schema.org\",\"@graph\":[{\"@type\":\"WebPage\",\"@id\":\"https:\/\/www.vinhosdoalgarve.pt\/fr\/la-commission\/certification\/\",\"url\":\"https:\/\/www.vinhosdoalgarve.pt\/fr\/la-commission\/certification\/\",\"name\":\"\u00c0 propos de la certification - Comiss\u00e3o de Vinhos do Algarve\",\"isPartOf\":{\"@id\":\"https:\/\/www.vinhosdoalgarve.pt\/fr\/#website\"},\"datePublished\":\"2023-11-02T10:45:02+00:00\",\"dateModified\":\"2026-02-02T12:49:46+00:00\",\"breadcrumb\":{\"@id\":\"https:\/\/www.vinhosdoalgarve.pt\/fr\/la-commission\/certification\/#breadcrumb\"},\"inLanguage\":\"fr-FR\",\"potentialAction\":[{\"@type\":\"ReadAction\",\"target\":[\"https:\/\/www.vinhosdoalgarve.pt\/fr\/la-commission\/certification\/\"]}]},{\"@type\":\"BreadcrumbList\",\"@id\":\"https:\/\/www.vinhosdoalgarve.pt\/fr\/la-commission\/certification\/#breadcrumb\",\"itemListElement\":[{\"@type\":\"ListItem\",\"position\":1,\"name\":\"Home\",\"item\":\"https:\/\/www.vinhosdoalgarve.pt\/fr\/\"},{\"@type\":\"ListItem\",\"position\":2,\"name\":\"La Commission\",\"item\":\"https:\/\/www.vinhosdoalgarve.pt\/fr\/?page_id=13394\"},{\"@type\":\"ListItem\",\"position\":3,\"name\":\"\u00c0 propos de la certification\"}]},{\"@type\":\"WebSite\",\"@id\":\"https:\/\/www.vinhosdoalgarve.pt\/fr\/#website\",\"url\":\"https:\/\/www.vinhosdoalgarve.pt\/fr\/\",\"name\":\"Comiss\u00e3o de Vinhos do Algarve\",\"description\":\"\",\"publisher\":{\"@id\":\"https:\/\/www.vinhosdoalgarve.pt\/fr\/#organization\"},\"potentialAction\":[{\"@type\":\"SearchAction\",\"target\":{\"@type\":\"EntryPoint\",\"urlTemplate\":\"https:\/\/www.vinhosdoalgarve.pt\/fr\/?s={search_term_string}\"},\"query-input\":{\"@type\":\"PropertyValueSpecification\",\"valueRequired\":true,\"valueName\":\"search_term_string\"}}],\"inLanguage\":\"fr-FR\"},{\"@type\":\"Organization\",\"@id\":\"https:\/\/www.vinhosdoalgarve.pt\/fr\/#organization\",\"name\":\"Comiss\u00e3o de Vinhos do Algarve\",\"url\":\"https:\/\/www.vinhosdoalgarve.pt\/fr\/\",\"logo\":{\"@type\":\"ImageObject\",\"inLanguage\":\"fr-FR\",\"@id\":\"https:\/\/www.vinhosdoalgarve.pt\/fr\/#\/schema\/logo\/image\/\",\"url\":\"https:\/\/www.vinhosdoalgarve.pt\/wp-content\/uploads\/2023\/10\/logo-footer.svg\",\"contentUrl\":\"https:\/\/www.vinhosdoalgarve.pt\/wp-content\/uploads\/2023\/10\/logo-footer.svg\",\"width\":100,\"height\":245,\"caption\":\"Comiss\u00e3o de Vinhos do Algarve\"},\"image\":{\"@id\":\"https:\/\/www.vinhosdoalgarve.pt\/fr\/#\/schema\/logo\/image\/\"}}]}<\/script>\n<!-- \/ Yoast SEO plugin. -->","yoast_head_json":{"title":"\u00c0 propos de la certification - Comiss\u00e3o de Vinhos do Algarve","robots":{"index":"index","follow":"follow","max-snippet":"max-snippet:-1","max-image-preview":"max-image-preview:large","max-video-preview":"max-video-preview:-1"},"canonical":"https:\/\/www.vinhosdoalgarve.pt\/fr\/la-commission\/certification\/","og_locale":"fr_FR","og_type":"article","og_title":"\u00c0 propos de la certification - Comiss\u00e3o de Vinhos do Algarve","og_description":"Certifica\u00e7\u00e3o A CVA \u00e9 a entidade respons\u00e1vel por garantir a origem, a qualidade e genuinidade dos vinhos da Regi\u00e3o do Algarve. \u00c9 a certifica\u00e7\u00e3o DO (Denomina\u00e7\u00e3o de Origem) ou IG (Indica\u00e7\u00e3o Geogr\u00e1fica) que garante ao consumidor a qualidade continua e consistente do produto adquirido. &#8211; Enquadramento Legal e Documentos no \u00e2mbito da certifica\u00e7\u00e3o da CVA [&hellip;]","og_url":"https:\/\/www.vinhosdoalgarve.pt\/fr\/la-commission\/certification\/","og_site_name":"Comiss\u00e3o de Vinhos do Algarve","article_modified_time":"2026-02-02T12:49:46+00:00","twitter_card":"summary_large_image","twitter_misc":{"Dur\u00e9e de lecture estim\u00e9e":"1 minute"},"schema":{"@context":"https:\/\/schema.org","@graph":[{"@type":"WebPage","@id":"https:\/\/www.vinhosdoalgarve.pt\/fr\/la-commission\/certification\/","url":"https:\/\/www.vinhosdoalgarve.pt\/fr\/la-commission\/certification\/","name":"\u00c0 propos de la certification - Comiss\u00e3o de Vinhos do Algarve","isPartOf":{"@id":"https:\/\/www.vinhosdoalgarve.pt\/fr\/#website"},"datePublished":"2023-11-02T10:45:02+00:00","dateModified":"2026-02-02T12:49:46+00:00","breadcrumb":{"@id":"https:\/\/www.vinhosdoalgarve.pt\/fr\/la-commission\/certification\/#breadcrumb"},"inLanguage":"fr-FR","potentialAction":[{"@type":"ReadAction","target":["https:\/\/www.vinhosdoalgarve.pt\/fr\/la-commission\/certification\/"]}]},{"@type":"BreadcrumbList","@id":"https:\/\/www.vinhosdoalgarve.pt\/fr\/la-commission\/certification\/#breadcrumb","itemListElement":[{"@type":"ListItem","position":1,"name":"Home","item":"https:\/\/www.vinhosdoalgarve.pt\/fr\/"},{"@type":"ListItem","position":2,"name":"La Commission","item":"https:\/\/www.vinhosdoalgarve.pt\/fr\/?page_id=13394"},{"@type":"ListItem","position":3,"name":"\u00c0 propos de la certification"}]},{"@type":"WebSite","@id":"https:\/\/www.vinhosdoalgarve.pt\/fr\/#website","url":"https:\/\/www.vinhosdoalgarve.pt\/fr\/","name":"Comiss\u00e3o de Vinhos do Algarve","description":"","publisher":{"@id":"https:\/\/www.vinhosdoalgarve.pt\/fr\/#organization"},"potentialAction":[{"@type":"SearchAction","target":{"@type":"EntryPoint","urlTemplate":"https:\/\/www.vinhosdoalgarve.pt\/fr\/?s={search_term_string}"},"query-input":{"@type":"PropertyValueSpecification","valueRequired":true,"valueName":"search_term_string"}}],"inLanguage":"fr-FR"},{"@type":"Organization","@id":"https:\/\/www.vinhosdoalgarve.pt\/fr\/#organization","name":"Comiss\u00e3o de Vinhos do Algarve","url":"https:\/\/www.vinhosdoalgarve.pt\/fr\/","logo":{"@type":"ImageObject","inLanguage":"fr-FR","@id":"https:\/\/www.vinhosdoalgarve.pt\/fr\/#\/schema\/logo\/image\/","url":"https:\/\/www.vinhosdoalgarve.pt\/wp-content\/uploads\/2023\/10\/logo-footer.svg","contentUrl":"https:\/\/www.vinhosdoalgarve.pt\/wp-content\/uploads\/2023\/10\/logo-footer.svg","width":100,"height":245,"caption":"Comiss\u00e3o de Vinhos do Algarve"},"image":{"@id":"https:\/\/www.vinhosdoalgarve.pt\/fr\/#\/schema\/logo\/image\/"}}]}},"_links":{"self":[{"href":"https:\/\/www.vinhosdoalgarve.pt\/fr\/wp-json\/wp\/v2\/pages\/13412","targetHints":{"allow":["GET"]}}],"collection":[{"href":"https:\/\/www.vinhosdoalgarve.pt\/fr\/wp-json\/wp\/v2\/pages"}],"about":[{"href":"https:\/\/www.vinhosdoalgarve.pt\/fr\/wp-json\/wp\/v2\/types\/page"}],"author":[{"embeddable":true,"href":"https:\/\/www.vinhosdoalgarve.pt\/fr\/wp-json\/wp\/v2\/users\/1"}],"replies":[{"embeddable":true,"href":"https:\/\/www.vinhosdoalgarve.pt\/fr\/wp-json\/wp\/v2\/comments?post=13412"}],"version-history":[{"count":44,"href":"https:\/\/www.vinhosdoalgarve.pt\/fr\/wp-json\/wp\/v2\/pages\/13412\/revisions"}],"predecessor-version":[{"id":15708,"href":"https:\/\/www.vinhosdoalgarve.pt\/fr\/wp-json\/wp\/v2\/pages\/13412\/revisions\/15708"}],"up":[{"embeddable":true,"href":"https:\/\/www.vinhosdoalgarve.pt\/fr\/wp-json\/wp\/v2\/pages\/13394"}],"wp:attachment":[{"href":"https:\/\/www.vinhosdoalgarve.pt\/fr\/wp-json\/wp\/v2\/media?parent=13412"}],"curies":[{"name":"wp","href":"https:\/\/api.w.org\/{rel}","templated":true}]}}