{"id":13408,"date":"2023-11-02T10:38:20","date_gmt":"2023-11-02T10:38:20","guid":{"rendered":"https:\/\/www.vinhosdoalgarve.pt\/la-commission\/orgaos-sociais\/"},"modified":"2025-09-18T15:03:36","modified_gmt":"2025-09-18T15:03:36","slug":"organes-sociaux","status":"publish","type":"page","link":"https:\/\/www.vinhosdoalgarve.pt\/fr\/la-commission\/organes-sociaux\/","title":{"rendered":"Organes Sociaux"},"content":{"rendered":"\t\t<div data-elementor-type=\"wp-page\" data-elementor-id=\"13408\" class=\"elementor elementor-13408 elementor-11033\">\n\t\t\t\t\t\t<section class=\"elementor-section elementor-top-section elementor-element elementor-element-de771c1 elementor-section-full_width elementor-section-height-min-height elementor-section-height-default elementor-section-items-middle\" data-id=\"de771c1\" data-element_type=\"section\" data-settings=\"{&quot;background_background&quot;:&quot;classic&quot;}\">\n\t\t\t\t\t\t<div class=\"elementor-container elementor-column-gap-default\">\n\t\t\t\t\t<div class=\"elementor-column elementor-col-100 elementor-top-column elementor-element elementor-element-4960781\" data-id=\"4960781\" data-element_type=\"column\">\n\t\t\t<div class=\"elementor-widget-wrap\">\n\t\t\t\t\t\t\t<\/div>\n\t\t<\/div>\n\t\t\t\t\t<\/div>\n\t\t<\/section>\n\t\t<div class=\"elementor-element elementor-element-0e41c08 e-flex e-con-boxed e-con e-parent\" data-id=\"0e41c08\" data-element_type=\"container\">\n\t\t\t\t\t<div class=\"e-con-inner\">\n\t\t<div class=\"elementor-element elementor-element-f83cc9b e-con-full e-flex e-con e-child\" data-id=\"f83cc9b\" data-element_type=\"container\">\n\t\t\t\t<div class=\"elementor-element elementor-element-2049561 elementor-widget elementor-widget-chateau_core_section_title\" data-id=\"2049561\" data-element_type=\"widget\" data-widget_type=\"chateau_core_section_title.default\">\n\t\t\t\t<div class=\"elementor-widget-container\">\n\t\t\t\t\t<div class=\"qodef-shortcode qodef-m  qodef-section-title qodef-alignment--left qodef-title-break--disabled\">\n\t\t<h2 class=\"qodef-m-title\" >\n\t\t\t\t\tORGANES SOCIAUX \t\t\t<\/h2>\n\t<div class=\"qodef-m-subtitle-content qodef--has-appear\" >\n\t<div class=\"qodef-m-subtitle-line-one\" ><\/div>\n\t\t<div class=\"qodef-m-subtitle-line-two\" ><\/div>\n<\/div>\n\t<\/div>\n\t\t\t\t<\/div>\n\t\t\t\t<\/div>\n\t\t\t\t<\/div>\n\t\t<div class=\"elementor-element elementor-element-40b9ac0 e-con-full e-flex e-con e-child\" data-id=\"40b9ac0\" data-element_type=\"container\">\n\t\t\t\t<div class=\"elementor-element elementor-element-897becc elementor-widget elementor-widget-text-editor\" data-id=\"897becc\" data-element_type=\"widget\" data-widget_type=\"text-editor.default\">\n\t\t\t\t<div class=\"elementor-widget-container\">\n\t\t\t\t\t\t\t\t\t<h5>&#8211; <span class=\"TextRun SCXW244970922 BCX0\" lang=\"FR-FR\" xml:lang=\"FR-FR\" data-contrast=\"auto\"><span class=\"NormalTextRun SCXW244970922 BCX0\">Pr\u00e9sidence<\/span><\/span>\u00a0&#8211;<\/h5><p><span data-olk-copy-source=\"MessageBody\">Au cours du mandat actuel (2025-2027), la CVA est pr\u00e9sid\u00e9e par Sara Sofia Santos Soares Silva, avec Edite Maria Alves comme membre charg\u00e9e de la production et Manuel Lopo de Carvalho comme membre charg\u00e9 du commerce.<\/span><\/p><h5>&#8211; <span class=\"TextRun SCXW265306134 BCX0\" lang=\"FR-FR\" xml:lang=\"FR-FR\" data-contrast=\"auto\"><span class=\"NormalTextRun SCXW265306134 BCX0\">CONSEIL G\u00c9N\u00c9RAL<\/span><\/span>\u00a0&#8211;<\/h5><p><span data-olk-copy-source=\"MessageBody\">Le Conseil g\u00e9n\u00e9ral est pr\u00e9sid\u00e9 par Francisco Miguel Sottomayor Pinto de Castelo-Branco et compos\u00e9 de:<\/span><\/p><ul><li style=\"list-style-type: none;\"><ul><li><div>Repr\u00e9sentants de la production: CAP &#8211; Conf\u00e9d\u00e9ration des agriculteurs du Portugal (Mafalda Garcia de Matos, Jo\u00e3o Manuel da Luz Mariano, Joana Alves et Rui Manuel do Nascimento Ferreira Coelho Virg\u00ednia)<\/div><\/li><li>Repr\u00e9sentants du commerce: ACIRO &#8211; Association commerciale, industrielle et des services de la r\u00e9gion Ouest (Lu\u00eds Olazabal de Almada et Vasco S\u00e1 Fernandes Martins)<div>NERA \u2013 Association des entreprises de la r\u00e9gion de l&rsquo;Algarve (Ant\u00f3nio Bento Lobo da Veiga Leal de Oliveira et Lu\u00eds Tom\u00e9 Pequeno)<\/div><\/li><li>Commissaire aux comptes unique: Dr Jo\u00e3o Miguel Pinto Galv\u00e3o, ROC n\u00b0 587, repr\u00e9sentant la soci\u00e9t\u00e9 d&rsquo;audit Galv\u00e3o, Nunes, Tavares &amp; Associados<\/li><\/ul><\/li><\/ul><p>La CVA a son organisation, la constitution de ses organes et leur mode de fonctionnement respectif pr\u00e9serv\u00e9s et pr\u00e9vus dans ses statuts et ses r\u00e9glementations propres:<\/p><ul><li style=\"list-style-type: none;\"><ul><li style=\"font-weight: 400;\" aria-level=\"1\">D\u00e9cret-loi n\u00ba 61\/2020 du 18 ao\u00fbt<\/li><li>Arr\u00eat\u00e9 n\u00ba 142\/2021 du 8 juillet<\/li><li><span style=\"text-decoration: underline;\"><strong><a href=\"https:\/\/www.vinhosdoalgarve.pt\/wp-content\/uploads\/2024\/02\/Estatutos-CVA.pdf\" target=\"_blank\" rel=\"noopener\">Statuts de la Commission Vitivinicole de l&rsquo;Algarve<\/a><\/strong><\/span><\/li><\/ul><\/li><\/ul><h5>&#8211; <span class=\"TextRun SCXW136008956 BCX0\" lang=\"FR-FR\" xml:lang=\"FR-FR\" data-contrast=\"auto\"><span class=\"NormalTextRun SCXW136008956 BCX0\">COMIT\u00c9 DES PARTIES PRENANTES<\/span><\/span>\u00a0&#8211;<\/h5><p><span class=\"TextRun SCXW174440270 BCX0\" lang=\"FR-FR\" xml:lang=\"FR-FR\" data-contrast=\"auto\"><span class=\"NormalTextRun SCXW174440270 BCX0\">Par l&rsquo;interm\u00e9diaire du Comit\u00e9 des parties prenantes, la CVA garantit l&rsquo;impartialit\u00e9 des d\u00e9cisions prises. Sa constitution et son fonctionnement sont pr\u00e9vus par les statuts et r\u00e8glements de la CVA. La commission, qui se r\u00e9unit chaque ann\u00e9e (sauf convocation exceptionnelle), a pour fonction de formuler <\/span><span class=\"NormalTextRun ContextualSpellingAndGrammarErrorV2Themed SCXW174440270 BCX0\">des recommandations sur<\/span><span class=\"NormalTextRun SCXW174440270 BCX0\"> :<\/span><\/span><span class=\"EOP SCXW174440270 BCX0\" data-ccp-props=\"{&quot;201341983&quot;:0,&quot;335559739&quot;:160,&quot;335559740&quot;:259}\">\u00a0<\/span><\/p><ul><li style=\"list-style-type: none;\"><ul><li style=\"font-weight: 400;\" aria-level=\"1\"><span class=\"TextRun SCXW195734504 BCX0\" lang=\"FR-FR\" xml:lang=\"FR-FR\" data-contrast=\"auto\"><span class=\"NormalTextRun SCXW195734504 BCX0\">Les politiques et proc\u00e9dures relatives \u00e0 l&rsquo;impartialit\u00e9 des activit\u00e9s de certification\u202f;<\/span><\/span><span class=\"EOP SCXW195734504 BCX0\" data-ccp-props=\"{&quot;201341983&quot;:0,&quot;335559739&quot;:160,&quot;335559740&quot;:259}\">\u00a0<\/span><\/li><li style=\"font-weight: 400;\" aria-level=\"1\"><span class=\"TextRun SCXW127489571 BCX0\" lang=\"FR-FR\" xml:lang=\"FR-FR\" data-contrast=\"auto\"><span class=\"NormalTextRun SCXW127489571 BCX0\">Identification des tendances par l&rsquo;organisme de certification, relatives \u00e0 des aspects de nature commerciale ou autre, qui emp\u00eachent l&rsquo;exercice impartial de son activit\u00e9 ;<\/span><\/span><span class=\"EOP SCXW127489571 BCX0\" data-ccp-props=\"{&quot;201341983&quot;:0,&quot;335559739&quot;:160,&quot;335559740&quot;:259}\">\u00a0<\/span><\/li><li style=\"font-weight: 400;\" aria-level=\"1\"><span class=\"TextRun SCXW114338324 BCX0\" lang=\"FR-FR\" xml:lang=\"FR-FR\" data-contrast=\"auto\"><span class=\"NormalTextRun SCXW114338324 BCX0\">Autres aspects qui affectent l&rsquo;impartialit\u00e9 et la confiance dans la certification.<\/span><\/span><span class=\"EOP SCXW114338324 BCX0\" data-ccp-props=\"{&quot;201341983&quot;:0,&quot;335559739&quot;:160,&quot;335559740&quot;:259}\">\u00a0<\/span><\/li><\/ul><\/li><\/ul><p><span class=\"TextRun SCXW42839419 BCX0\" lang=\"FR-FR\" xml:lang=\"FR-FR\" data-contrast=\"auto\"><span class=\"NormalTextRun SCXW42839419 BCX0\">La CVA s&rsquo;engage \u00e0 garantir l&rsquo;impartialit\u00e9 et l&rsquo;ind\u00e9pendance de son travail par le biais d&rsquo;une matrice cr\u00e9\u00e9e \u00e0 cet effet, qui est utilis\u00e9e pour contr\u00f4ler son activit\u00e9 de mani\u00e8re continue.<\/span><\/span><span class=\"EOP SCXW42839419 BCX0\" data-ccp-props=\"{&quot;201341983&quot;:0,&quot;335559739&quot;:160,&quot;335559740&quot;:259}\">\u00a0<\/span><\/p><h6><span style=\"text-decoration: underline;\"><i><span style=\"font-weight: 400;\">Pour plus d&rsquo;informations, veuillez contacter la Commission des Parties Prenantes :<\/span><\/i><\/span><\/h6><p><span style=\"font-weight: 400;\">comissaodepartesinteressadas@vinhosdoalgarve.pt<\/span><\/p>\t\t\t\t\t\t\t\t<\/div>\n\t\t\t\t<\/div>\n\t\t\t\t<\/div>\n\t\t\t\t\t<\/div>\n\t\t\t\t<\/div>\n\t\t\t\t<section class=\"elementor-section elementor-top-section elementor-element elementor-element-0f28283 elementor-section-full_width elementor-section-height-default elementor-section-height-default\" data-id=\"0f28283\" data-element_type=\"section\">\n\t\t\t\t\t\t<div class=\"elementor-container elementor-column-gap-default\">\n\t\t\t\t\t<div class=\"elementor-column elementor-col-100 elementor-top-column elementor-element elementor-element-96a172b\" data-id=\"96a172b\" data-element_type=\"column\">\n\t\t\t<div class=\"elementor-widget-wrap\">\n\t\t\t\t\t\t\t<\/div>\n\t\t<\/div>\n\t\t\t\t\t<\/div>\n\t\t<\/section>\n\t\t\t\t<\/div>\n\t\t","protected":false},"excerpt":{"rendered":"<p>ORGANES SOCIAUX &#8211; Pr\u00e9sidence\u00a0&#8211; Au cours du mandat actuel (2025-2027), la CVA est pr\u00e9sid\u00e9e par Sara Sofia Santos Soares Silva, avec Edite Maria Alves comme membre charg\u00e9e de la production et Manuel Lopo de Carvalho comme membre charg\u00e9 du commerce. &#8211; CONSEIL G\u00c9N\u00c9RAL\u00a0&#8211; Le Conseil g\u00e9n\u00e9ral est pr\u00e9sid\u00e9 par Francisco Miguel Sottomayor Pinto de Castelo-Branco [&hellip;]<\/p>\n","protected":false},"author":1,"featured_media":0,"parent":13394,"menu_order":10,"comment_status":"closed","ping_status":"closed","template":"page-full-width.php","meta":{"_acf_changed":false,"inline_featured_image":false,"footnotes":""},"class_list":["post-13408","page","type-page","status-publish","hentry"],"acf":[],"yoast_head":"<!-- This site is optimized with the Yoast SEO plugin v26.7 - https:\/\/yoast.com\/wordpress\/plugins\/seo\/ -->\n<title>Organes Sociaux - Comiss\u00e3o de Vinhos do Algarve<\/title>\n<meta name=\"robots\" content=\"index, follow, max-snippet:-1, max-image-preview:large, max-video-preview:-1\" \/>\n<link rel=\"canonical\" href=\"https:\/\/www.vinhosdoalgarve.pt\/fr\/la-commission\/organes-sociaux\/\" \/>\n<meta property=\"og:locale\" content=\"fr_FR\" \/>\n<meta property=\"og:type\" content=\"article\" \/>\n<meta property=\"og:title\" content=\"Organes Sociaux - Comiss\u00e3o de Vinhos do Algarve\" \/>\n<meta property=\"og:description\" content=\"ORGANES SOCIAUX &#8211; Pr\u00e9sidence\u00a0&#8211; Au cours du mandat actuel (2025-2027), la CVA est pr\u00e9sid\u00e9e par Sara Sofia Santos Soares Silva, avec Edite Maria Alves comme membre charg\u00e9e de la production et Manuel Lopo de Carvalho comme membre charg\u00e9 du commerce. &#8211; CONSEIL G\u00c9N\u00c9RAL\u00a0&#8211; Le Conseil g\u00e9n\u00e9ral est pr\u00e9sid\u00e9 par Francisco Miguel Sottomayor Pinto de Castelo-Branco [&hellip;]\" \/>\n<meta property=\"og:url\" content=\"https:\/\/www.vinhosdoalgarve.pt\/fr\/la-commission\/organes-sociaux\/\" \/>\n<meta property=\"og:site_name\" content=\"Comiss\u00e3o de Vinhos do Algarve\" \/>\n<meta property=\"article:modified_time\" content=\"2025-09-18T15:03:36+00:00\" \/>\n<meta name=\"twitter:card\" content=\"summary_large_image\" \/>\n<meta name=\"twitter:label1\" content=\"Dur\u00e9e de lecture estim\u00e9e\" \/>\n\t<meta name=\"twitter:data1\" content=\"2 minutes\" \/>\n<script type=\"application\/ld+json\" class=\"yoast-schema-graph\">{\"@context\":\"https:\/\/schema.org\",\"@graph\":[{\"@type\":\"WebPage\",\"@id\":\"https:\/\/www.vinhosdoalgarve.pt\/fr\/la-commission\/organes-sociaux\/\",\"url\":\"https:\/\/www.vinhosdoalgarve.pt\/fr\/la-commission\/organes-sociaux\/\",\"name\":\"Organes Sociaux - Comiss\u00e3o de Vinhos do Algarve\",\"isPartOf\":{\"@id\":\"https:\/\/www.vinhosdoalgarve.pt\/fr\/#website\"},\"datePublished\":\"2023-11-02T10:38:20+00:00\",\"dateModified\":\"2025-09-18T15:03:36+00:00\",\"breadcrumb\":{\"@id\":\"https:\/\/www.vinhosdoalgarve.pt\/fr\/la-commission\/organes-sociaux\/#breadcrumb\"},\"inLanguage\":\"fr-FR\",\"potentialAction\":[{\"@type\":\"ReadAction\",\"target\":[\"https:\/\/www.vinhosdoalgarve.pt\/fr\/la-commission\/organes-sociaux\/\"]}]},{\"@type\":\"BreadcrumbList\",\"@id\":\"https:\/\/www.vinhosdoalgarve.pt\/fr\/la-commission\/organes-sociaux\/#breadcrumb\",\"itemListElement\":[{\"@type\":\"ListItem\",\"position\":1,\"name\":\"Home\",\"item\":\"https:\/\/www.vinhosdoalgarve.pt\/fr\/\"},{\"@type\":\"ListItem\",\"position\":2,\"name\":\"La Commission\",\"item\":\"https:\/\/www.vinhosdoalgarve.pt\/fr\/?page_id=13394\"},{\"@type\":\"ListItem\",\"position\":3,\"name\":\"Organes Sociaux\"}]},{\"@type\":\"WebSite\",\"@id\":\"https:\/\/www.vinhosdoalgarve.pt\/fr\/#website\",\"url\":\"https:\/\/www.vinhosdoalgarve.pt\/fr\/\",\"name\":\"Comiss\u00e3o de Vinhos do Algarve\",\"description\":\"\",\"publisher\":{\"@id\":\"https:\/\/www.vinhosdoalgarve.pt\/fr\/#organization\"},\"potentialAction\":[{\"@type\":\"SearchAction\",\"target\":{\"@type\":\"EntryPoint\",\"urlTemplate\":\"https:\/\/www.vinhosdoalgarve.pt\/fr\/?s={search_term_string}\"},\"query-input\":{\"@type\":\"PropertyValueSpecification\",\"valueRequired\":true,\"valueName\":\"search_term_string\"}}],\"inLanguage\":\"fr-FR\"},{\"@type\":\"Organization\",\"@id\":\"https:\/\/www.vinhosdoalgarve.pt\/fr\/#organization\",\"name\":\"Comiss\u00e3o de Vinhos do Algarve\",\"url\":\"https:\/\/www.vinhosdoalgarve.pt\/fr\/\",\"logo\":{\"@type\":\"ImageObject\",\"inLanguage\":\"fr-FR\",\"@id\":\"https:\/\/www.vinhosdoalgarve.pt\/fr\/#\/schema\/logo\/image\/\",\"url\":\"https:\/\/www.vinhosdoalgarve.pt\/wp-content\/uploads\/2023\/10\/logo-footer.svg\",\"contentUrl\":\"https:\/\/www.vinhosdoalgarve.pt\/wp-content\/uploads\/2023\/10\/logo-footer.svg\",\"width\":100,\"height\":245,\"caption\":\"Comiss\u00e3o de Vinhos do Algarve\"},\"image\":{\"@id\":\"https:\/\/www.vinhosdoalgarve.pt\/fr\/#\/schema\/logo\/image\/\"}}]}<\/script>\n<!-- \/ Yoast SEO plugin. -->","yoast_head_json":{"title":"Organes Sociaux - Comiss\u00e3o de Vinhos do Algarve","robots":{"index":"index","follow":"follow","max-snippet":"max-snippet:-1","max-image-preview":"max-image-preview:large","max-video-preview":"max-video-preview:-1"},"canonical":"https:\/\/www.vinhosdoalgarve.pt\/fr\/la-commission\/organes-sociaux\/","og_locale":"fr_FR","og_type":"article","og_title":"Organes Sociaux - Comiss\u00e3o de Vinhos do Algarve","og_description":"ORGANES SOCIAUX &#8211; Pr\u00e9sidence\u00a0&#8211; Au cours du mandat actuel (2025-2027), la CVA est pr\u00e9sid\u00e9e par Sara Sofia Santos Soares Silva, avec Edite Maria Alves comme membre charg\u00e9e de la production et Manuel Lopo de Carvalho comme membre charg\u00e9 du commerce. &#8211; CONSEIL G\u00c9N\u00c9RAL\u00a0&#8211; Le Conseil g\u00e9n\u00e9ral est pr\u00e9sid\u00e9 par Francisco Miguel Sottomayor Pinto de Castelo-Branco [&hellip;]","og_url":"https:\/\/www.vinhosdoalgarve.pt\/fr\/la-commission\/organes-sociaux\/","og_site_name":"Comiss\u00e3o de Vinhos do Algarve","article_modified_time":"2025-09-18T15:03:36+00:00","twitter_card":"summary_large_image","twitter_misc":{"Dur\u00e9e de lecture estim\u00e9e":"2 minutes"},"schema":{"@context":"https:\/\/schema.org","@graph":[{"@type":"WebPage","@id":"https:\/\/www.vinhosdoalgarve.pt\/fr\/la-commission\/organes-sociaux\/","url":"https:\/\/www.vinhosdoalgarve.pt\/fr\/la-commission\/organes-sociaux\/","name":"Organes Sociaux - Comiss\u00e3o de Vinhos do Algarve","isPartOf":{"@id":"https:\/\/www.vinhosdoalgarve.pt\/fr\/#website"},"datePublished":"2023-11-02T10:38:20+00:00","dateModified":"2025-09-18T15:03:36+00:00","breadcrumb":{"@id":"https:\/\/www.vinhosdoalgarve.pt\/fr\/la-commission\/organes-sociaux\/#breadcrumb"},"inLanguage":"fr-FR","potentialAction":[{"@type":"ReadAction","target":["https:\/\/www.vinhosdoalgarve.pt\/fr\/la-commission\/organes-sociaux\/"]}]},{"@type":"BreadcrumbList","@id":"https:\/\/www.vinhosdoalgarve.pt\/fr\/la-commission\/organes-sociaux\/#breadcrumb","itemListElement":[{"@type":"ListItem","position":1,"name":"Home","item":"https:\/\/www.vinhosdoalgarve.pt\/fr\/"},{"@type":"ListItem","position":2,"name":"La Commission","item":"https:\/\/www.vinhosdoalgarve.pt\/fr\/?page_id=13394"},{"@type":"ListItem","position":3,"name":"Organes Sociaux"}]},{"@type":"WebSite","@id":"https:\/\/www.vinhosdoalgarve.pt\/fr\/#website","url":"https:\/\/www.vinhosdoalgarve.pt\/fr\/","name":"Comiss\u00e3o de Vinhos do Algarve","description":"","publisher":{"@id":"https:\/\/www.vinhosdoalgarve.pt\/fr\/#organization"},"potentialAction":[{"@type":"SearchAction","target":{"@type":"EntryPoint","urlTemplate":"https:\/\/www.vinhosdoalgarve.pt\/fr\/?s={search_term_string}"},"query-input":{"@type":"PropertyValueSpecification","valueRequired":true,"valueName":"search_term_string"}}],"inLanguage":"fr-FR"},{"@type":"Organization","@id":"https:\/\/www.vinhosdoalgarve.pt\/fr\/#organization","name":"Comiss\u00e3o de Vinhos do Algarve","url":"https:\/\/www.vinhosdoalgarve.pt\/fr\/","logo":{"@type":"ImageObject","inLanguage":"fr-FR","@id":"https:\/\/www.vinhosdoalgarve.pt\/fr\/#\/schema\/logo\/image\/","url":"https:\/\/www.vinhosdoalgarve.pt\/wp-content\/uploads\/2023\/10\/logo-footer.svg","contentUrl":"https:\/\/www.vinhosdoalgarve.pt\/wp-content\/uploads\/2023\/10\/logo-footer.svg","width":100,"height":245,"caption":"Comiss\u00e3o de Vinhos do Algarve"},"image":{"@id":"https:\/\/www.vinhosdoalgarve.pt\/fr\/#\/schema\/logo\/image\/"}}]}},"_links":{"self":[{"href":"https:\/\/www.vinhosdoalgarve.pt\/fr\/wp-json\/wp\/v2\/pages\/13408","targetHints":{"allow":["GET"]}}],"collection":[{"href":"https:\/\/www.vinhosdoalgarve.pt\/fr\/wp-json\/wp\/v2\/pages"}],"about":[{"href":"https:\/\/www.vinhosdoalgarve.pt\/fr\/wp-json\/wp\/v2\/types\/page"}],"author":[{"embeddable":true,"href":"https:\/\/www.vinhosdoalgarve.pt\/fr\/wp-json\/wp\/v2\/users\/1"}],"replies":[{"embeddable":true,"href":"https:\/\/www.vinhosdoalgarve.pt\/fr\/wp-json\/wp\/v2\/comments?post=13408"}],"version-history":[{"count":10,"href":"https:\/\/www.vinhosdoalgarve.pt\/fr\/wp-json\/wp\/v2\/pages\/13408\/revisions"}],"predecessor-version":[{"id":15331,"href":"https:\/\/www.vinhosdoalgarve.pt\/fr\/wp-json\/wp\/v2\/pages\/13408\/revisions\/15331"}],"up":[{"embeddable":true,"href":"https:\/\/www.vinhosdoalgarve.pt\/fr\/wp-json\/wp\/v2\/pages\/13394"}],"wp:attachment":[{"href":"https:\/\/www.vinhosdoalgarve.pt\/fr\/wp-json\/wp\/v2\/media?parent=13408"}],"curies":[{"name":"wp","href":"https:\/\/api.w.org\/{rel}","templated":true}]}}