{"id":13398,"date":"2023-11-02T10:21:00","date_gmt":"2023-11-02T10:21:00","guid":{"rendered":"https:\/\/www.vinhosdoalgarve.pt\/la-commission\/qui-nous-sommes\/"},"modified":"2024-05-02T08:21:34","modified_gmt":"2024-05-02T08:21:34","slug":"qui-nous-sommes","status":"publish","type":"page","link":"https:\/\/www.vinhosdoalgarve.pt\/fr\/la-commission\/qui-nous-sommes\/","title":{"rendered":"Qui nous sommes"},"content":{"rendered":"\t\t<div data-elementor-type=\"wp-page\" data-elementor-id=\"13398\" class=\"elementor elementor-13398 elementor-11023\">\n\t\t\t\t\t\t<section class=\"elementor-section elementor-top-section elementor-element elementor-element-de771c1 elementor-section-full_width elementor-section-height-min-height elementor-section-height-default elementor-section-items-middle\" data-id=\"de771c1\" data-element_type=\"section\" data-settings=\"{&quot;background_background&quot;:&quot;classic&quot;}\">\n\t\t\t\t\t\t<div class=\"elementor-container elementor-column-gap-default\">\n\t\t\t\t\t<div class=\"elementor-column elementor-col-100 elementor-top-column elementor-element elementor-element-4960781\" data-id=\"4960781\" data-element_type=\"column\">\n\t\t\t<div class=\"elementor-widget-wrap\">\n\t\t\t\t\t\t\t<\/div>\n\t\t<\/div>\n\t\t\t\t\t<\/div>\n\t\t<\/section>\n\t\t<div class=\"elementor-element elementor-element-0e41c08 e-flex e-con-boxed e-con e-parent\" data-id=\"0e41c08\" data-element_type=\"container\">\n\t\t\t\t\t<div class=\"e-con-inner\">\n\t\t<div class=\"elementor-element elementor-element-f83cc9b e-con-full e-flex e-con e-child\" data-id=\"f83cc9b\" data-element_type=\"container\">\n\t\t\t\t<div class=\"elementor-element elementor-element-2049561 elementor-widget elementor-widget-chateau_core_section_title\" data-id=\"2049561\" data-element_type=\"widget\" data-widget_type=\"chateau_core_section_title.default\">\n\t\t\t\t<div class=\"elementor-widget-container\">\n\t\t\t\t\t<div class=\"qodef-shortcode qodef-m  qodef-section-title qodef-alignment--left qodef-title-break--disabled\">\n\t\t<h2 class=\"qodef-m-title\" >\n\t\t\t\t\tQUI NOUS SOMMES\t\t\t<\/h2>\n\t<div class=\"qodef-m-subtitle-content qodef--has-appear\" >\n\t<div class=\"qodef-m-subtitle-line-one\" ><\/div>\n\t\t<div class=\"qodef-m-subtitle-line-two\" ><\/div>\n<\/div>\n\t<\/div>\n\t\t\t\t<\/div>\n\t\t\t\t<\/div>\n\t\t\t\t<\/div>\n\t\t<div class=\"elementor-element elementor-element-40b9ac0 e-con-full e-flex e-con e-child\" data-id=\"40b9ac0\" data-element_type=\"container\">\n\t\t\t\t<div class=\"elementor-element elementor-element-897becc elementor-widget elementor-widget-text-editor\" data-id=\"897becc\" data-element_type=\"widget\" data-widget_type=\"text-editor.default\">\n\t\t\t\t<div class=\"elementor-widget-container\">\n\t\t\t\t\t\t\t\t\t<h5><strong>Commission du Vin de l&rsquo;Algarve &#8211; CVA<\/strong><\/h5>\n<p><span style=\"font-weight: 400;\">A <\/span><b>Comiss\u00e3o<\/b> <b>Vitivin\u00edcola do Algarve<\/b><span style=\"font-weight: 400;\"> \u00e9 uma pessoa coletiva de direito privado e utilidade p\u00fablica, de car\u00e1cter interprofissional, acreditada desde 2012 para a certifica\u00e7\u00e3o dos produtos vitivin\u00edcolas com Denomina\u00e7\u00e3o de Origem Lagos, Portim\u00e3o, Lagoa e Tavira e Indica\u00e7\u00e3o Geogr\u00e1fica Algarve. <\/span> <\/p>\n<h5>&#8211; Mission &#8211;<\/h5>\n<ul>\n<li style=\"list-style-type: none;\">\n<ul>\n<li style=\"font-weight: 400;\" aria-level=\"1\"><span style=\"font-weight: 400;\"><strong>Certifier, contr\u00f4ler et promouvoir les produits relevant de son p\u00e9rim\u00e8tre d&rsquo;action ;<\/strong> <\/span><\/li>\n<li style=\"font-weight: 400;\" aria-level=\"1\"><span style=\"font-weight: 400;\"><strong>Promouvoir l&rsquo;image de l&rsquo;AO et de l&rsquo;IG qui certifient et augmentent la perception de valeur par les consommateurs, bas\u00e9e sur une forte diff\u00e9renciation des produits ;<\/strong> <\/span><\/li>\n<li style=\"font-weight: 400;\" aria-level=\"1\"><span style=\"font-weight: 400;\">Estimular a ado\u00e7\u00e3o das <strong>melhores pr\u00e1ticas agr\u00edcolas<\/strong> e do <strong>desenvolvimento tecnol\u00f3gico<\/strong>.<\/span><\/li>\n<\/ul>\n<\/li>\n<\/ul>\n<h5>&#8211; Valeurs &#8211;<\/h5>\n<ul>\n<li style=\"list-style-type: none;\">\n<ul>\n<li style=\"font-weight: 400;\" aria-level=\"1\"><span style=\"font-weight: 400;\">Impartialit\u00e9 et ind\u00e9pendance dans les processus ; <\/span><\/li>\n<li style=\"font-weight: 400;\" aria-level=\"1\"><span style=\"font-weight: 400;\">Innovation et efficacit\u00e9 dans les services fournis aux clients et fournisseurs ; <\/span><\/li>\n<li style=\"font-weight: 400;\" aria-level=\"1\"><span style=\"font-weight: 400;\">Transparence dans le mod\u00e8le op\u00e9rationnel et r\u00e9glementaire ; <\/span><\/li>\n<li style=\"font-weight: 400;\" aria-level=\"1\"><span style=\"font-weight: 400;\">Excellence dans les services fournis.<\/span><\/li>\n<\/ul>\n<\/li>\n<\/ul>\n<h5>&#8211; Engagement &#8211;<\/h5>\n<p><span style=\"font-weight: 400;\">CVA exprime son engagement \u00e0 contribuer \u00e0 la promotion des produits de la r\u00e9gion de l&rsquo;Algarve et \u00e0 une plus grande satisfaction de tous les agents impliqu\u00e9s, tels que les consommateurs, les fournisseurs, les institutions et les agents \u00e9conomiques li\u00e9s \u00e0 son activit\u00e9. Pour garantir cet engagement,  <\/span><b>CVA Management \u00e9tablit les principes de fonctionnement suivants :<\/b><\/p>\n<ul>\n<li style=\"list-style-type: none;\">\n<ul>\n<li style=\"font-weight: 400;\" aria-level=\"1\"><span style=\"font-weight: 400;\">D\u00e9velopper les conditions de comp\u00e9titivit\u00e9 du secteur vitivinicole de l\u2019Algarve, CVA \u00e9tant un partenaire pour l\u2019innovation et le d\u00e9veloppement du march\u00e9.<\/span><\/li>\n<li style=\"font-weight: 400;\" aria-level=\"1\"><span style=\"font-weight: 400;\">Agir de mani\u00e8re \u00e9thique et responsable dans les relations avec les employ\u00e9s, en promouvant un environnement de travail o\u00f9 les gens peuvent exprimer leur potentiel maximum. <\/span><\/li>\n<li style=\"font-weight: 400;\" aria-level=\"1\"><span style=\"font-weight: 400;\">Maintenir et renforcer le statut d&rsquo;entit\u00e9 de certification des produits vitivinicoles avec DO et IG dans la r\u00e9gion de l&rsquo;Algarve, conform\u00e9ment aux lignes directrices \u00e9tablies dans la documentation du syst\u00e8me de gestion de la qualit\u00e9 et en harmonie avec les exigences de la NP EN ISO\/IEC 17065:2014, et d&rsquo;autres normes applicables.<\/span><\/li>\n<\/ul>\n<\/li>\n<\/ul>\n\t\t\t\t\t\t\t\t<\/div>\n\t\t\t\t<\/div>\n\t\t\t\t<\/div>\n\t\t\t\t\t<\/div>\n\t\t\t\t<\/div>\n\t\t\t\t<section class=\"elementor-section elementor-top-section elementor-element elementor-element-0f28283 elementor-section-full_width elementor-section-height-default elementor-section-height-default\" data-id=\"0f28283\" data-element_type=\"section\">\n\t\t\t\t\t\t<div class=\"elementor-container elementor-column-gap-default\">\n\t\t\t\t\t<div class=\"elementor-column elementor-col-100 elementor-top-column elementor-element elementor-element-96a172b\" data-id=\"96a172b\" data-element_type=\"column\">\n\t\t\t<div class=\"elementor-widget-wrap elementor-element-populated\">\n\t\t\t\t\t\t<div class=\"elementor-element elementor-element-2b90e80 elementor-widget elementor-widget-chateau_core_image_gallery\" data-id=\"2b90e80\" data-element_type=\"widget\" data-widget_type=\"chateau_core_image_gallery.default\">\n\t\t\t\t<div class=\"elementor-widget-container\">\n\t\t\t\t\t<div class=\"qodef-shortcode qodef-m  qodef-image-gallery qodef-magnific-popup qodef-popup-gallery   qodef-grid qodef-layout--columns  qodef-gutter--tiny qodef-vertical-gutter--tiny qodef-col-num--5    qodef-responsive--custom qodef-col-num--1440--5 qodef-col-num--1366--5 qodef-col-num--1024--5 qodef-col-num--768--2 qodef-col-num--680--1 qodef-col-num--480--1\" >\n\t<div class=\"qodef-grid-inner\">\n\t\t<div class=\"qodef-e qodef-image-wrapper qodef-grid-item \">\n\t\t\t<a class=\"qodef-popup-item\" itemprop=\"image\" href=\"https:\/\/www.vinhosdoalgarve.pt\/wp-content\/uploads\/2024\/01\/18A4006-scaled.jpg\" data-type=\"image\" title=\"\">\n\t\t<span class=\"qodef-hover-plus\"><\/span>\n\t\t\t<img fetchpriority=\"high\" decoding=\"async\" width=\"1707\" height=\"2560\" src=\"https:\/\/www.vinhosdoalgarve.pt\/wp-content\/uploads\/2024\/01\/18A4006-scaled.jpg\" class=\"attachment-full size-full\" alt=\"\" srcset=\"https:\/\/www.vinhosdoalgarve.pt\/wp-content\/uploads\/2024\/01\/18A4006-scaled.jpg 1707w, https:\/\/www.vinhosdoalgarve.pt\/wp-content\/uploads\/2024\/01\/18A4006-200x300.jpg 200w, https:\/\/www.vinhosdoalgarve.pt\/wp-content\/uploads\/2024\/01\/18A4006-683x1024.jpg 683w, https:\/\/www.vinhosdoalgarve.pt\/wp-content\/uploads\/2024\/01\/18A4006-768x1152.jpg 768w, https:\/\/www.vinhosdoalgarve.pt\/wp-content\/uploads\/2024\/01\/18A4006-1024x1536.jpg 1024w, https:\/\/www.vinhosdoalgarve.pt\/wp-content\/uploads\/2024\/01\/18A4006-1365x2048.jpg 1365w\" sizes=\"(max-width: 1707px) 100vw, 1707px\" \/>\t\t\t<\/a>\n\t<\/div>\n<div class=\"qodef-e qodef-image-wrapper qodef-grid-item \">\n\t\t\t<a class=\"qodef-popup-item\" itemprop=\"image\" href=\"https:\/\/www.vinhosdoalgarve.pt\/wp-content\/uploads\/2024\/01\/18A1736-scaled.jpg\" data-type=\"image\" title=\"\">\n\t\t<span class=\"qodef-hover-plus\"><\/span>\n\t\t\t<img decoding=\"async\" width=\"1707\" height=\"2560\" src=\"https:\/\/www.vinhosdoalgarve.pt\/wp-content\/uploads\/2024\/01\/18A1736-scaled.jpg\" class=\"attachment-full size-full\" alt=\"\" srcset=\"https:\/\/www.vinhosdoalgarve.pt\/wp-content\/uploads\/2024\/01\/18A1736-scaled.jpg 1707w, https:\/\/www.vinhosdoalgarve.pt\/wp-content\/uploads\/2024\/01\/18A1736-200x300.jpg 200w, https:\/\/www.vinhosdoalgarve.pt\/wp-content\/uploads\/2024\/01\/18A1736-683x1024.jpg 683w, https:\/\/www.vinhosdoalgarve.pt\/wp-content\/uploads\/2024\/01\/18A1736-768x1152.jpg 768w, https:\/\/www.vinhosdoalgarve.pt\/wp-content\/uploads\/2024\/01\/18A1736-1024x1536.jpg 1024w, https:\/\/www.vinhosdoalgarve.pt\/wp-content\/uploads\/2024\/01\/18A1736-1365x2048.jpg 1365w\" sizes=\"(max-width: 1707px) 100vw, 1707px\" \/>\t\t\t<\/a>\n\t<\/div>\n<div class=\"qodef-e qodef-image-wrapper qodef-grid-item \">\n\t\t\t<a class=\"qodef-popup-item\" itemprop=\"image\" href=\"https:\/\/www.vinhosdoalgarve.pt\/wp-content\/uploads\/2024\/01\/18A1164-scaled.jpg\" data-type=\"image\" title=\"\">\n\t\t<span class=\"qodef-hover-plus\"><\/span>\n\t\t\t<img decoding=\"async\" width=\"1707\" height=\"2560\" src=\"https:\/\/www.vinhosdoalgarve.pt\/wp-content\/uploads\/2024\/01\/18A1164-scaled.jpg\" class=\"attachment-full size-full\" alt=\"\" srcset=\"https:\/\/www.vinhosdoalgarve.pt\/wp-content\/uploads\/2024\/01\/18A1164-scaled.jpg 1707w, https:\/\/www.vinhosdoalgarve.pt\/wp-content\/uploads\/2024\/01\/18A1164-200x300.jpg 200w, https:\/\/www.vinhosdoalgarve.pt\/wp-content\/uploads\/2024\/01\/18A1164-683x1024.jpg 683w, https:\/\/www.vinhosdoalgarve.pt\/wp-content\/uploads\/2024\/01\/18A1164-768x1152.jpg 768w, https:\/\/www.vinhosdoalgarve.pt\/wp-content\/uploads\/2024\/01\/18A1164-1024x1536.jpg 1024w, https:\/\/www.vinhosdoalgarve.pt\/wp-content\/uploads\/2024\/01\/18A1164-1365x2048.jpg 1365w\" sizes=\"(max-width: 1707px) 100vw, 1707px\" \/>\t\t\t<\/a>\n\t<\/div>\n<div class=\"qodef-e qodef-image-wrapper qodef-grid-item \">\n\t\t\t<a class=\"qodef-popup-item\" itemprop=\"image\" href=\"https:\/\/www.vinhosdoalgarve.pt\/wp-content\/uploads\/2024\/01\/18A1322-scaled.jpg\" data-type=\"image\" title=\"\">\n\t\t<span class=\"qodef-hover-plus\"><\/span>\n\t\t\t<img loading=\"lazy\" decoding=\"async\" width=\"1707\" height=\"2560\" src=\"https:\/\/www.vinhosdoalgarve.pt\/wp-content\/uploads\/2024\/01\/18A1322-scaled.jpg\" class=\"attachment-full size-full\" alt=\"\" srcset=\"https:\/\/www.vinhosdoalgarve.pt\/wp-content\/uploads\/2024\/01\/18A1322-scaled.jpg 1707w, https:\/\/www.vinhosdoalgarve.pt\/wp-content\/uploads\/2024\/01\/18A1322-200x300.jpg 200w, https:\/\/www.vinhosdoalgarve.pt\/wp-content\/uploads\/2024\/01\/18A1322-683x1024.jpg 683w, https:\/\/www.vinhosdoalgarve.pt\/wp-content\/uploads\/2024\/01\/18A1322-768x1152.jpg 768w, https:\/\/www.vinhosdoalgarve.pt\/wp-content\/uploads\/2024\/01\/18A1322-1024x1536.jpg 1024w, https:\/\/www.vinhosdoalgarve.pt\/wp-content\/uploads\/2024\/01\/18A1322-1365x2048.jpg 1365w\" sizes=\"(max-width: 1707px) 100vw, 1707px\" \/>\t\t\t<\/a>\n\t<\/div>\n<div class=\"qodef-e qodef-image-wrapper qodef-grid-item \">\n\t\t\t<a class=\"qodef-popup-item\" itemprop=\"image\" href=\"https:\/\/www.vinhosdoalgarve.pt\/wp-content\/uploads\/2024\/01\/18A1625-scaled.jpg\" data-type=\"image\" title=\"\">\n\t\t<span class=\"qodef-hover-plus\"><\/span>\n\t\t\t<img loading=\"lazy\" decoding=\"async\" width=\"1707\" height=\"2560\" src=\"https:\/\/www.vinhosdoalgarve.pt\/wp-content\/uploads\/2024\/01\/18A1625-scaled.jpg\" class=\"attachment-full size-full\" alt=\"\" srcset=\"https:\/\/www.vinhosdoalgarve.pt\/wp-content\/uploads\/2024\/01\/18A1625-scaled.jpg 1707w, https:\/\/www.vinhosdoalgarve.pt\/wp-content\/uploads\/2024\/01\/18A1625-200x300.jpg 200w, https:\/\/www.vinhosdoalgarve.pt\/wp-content\/uploads\/2024\/01\/18A1625-683x1024.jpg 683w, https:\/\/www.vinhosdoalgarve.pt\/wp-content\/uploads\/2024\/01\/18A1625-768x1152.jpg 768w, https:\/\/www.vinhosdoalgarve.pt\/wp-content\/uploads\/2024\/01\/18A1625-1024x1536.jpg 1024w, https:\/\/www.vinhosdoalgarve.pt\/wp-content\/uploads\/2024\/01\/18A1625-1365x2048.jpg 1365w\" sizes=\"(max-width: 1707px) 100vw, 1707px\" \/>\t\t\t<\/a>\n\t<\/div>\n\t<\/div>\n<\/div>\n\t\t\t\t<\/div>\n\t\t\t\t<\/div>\n\t\t\t\t\t<\/div>\n\t\t<\/div>\n\t\t\t\t\t<\/div>\n\t\t<\/section>\n\t\t\t\t<\/div>\n\t\t","protected":false},"excerpt":{"rendered":"<p>QUI NOUS SOMMES Commission du Vin de l&rsquo;Algarve &#8211; CVA A Comiss\u00e3o Vitivin\u00edcola do Algarve \u00e9 uma pessoa coletiva de direito privado e utilidade p\u00fablica, de car\u00e1cter interprofissional, acreditada desde 2012 para a certifica\u00e7\u00e3o dos produtos vitivin\u00edcolas com Denomina\u00e7\u00e3o de Origem Lagos, Portim\u00e3o, Lagoa e Tavira e Indica\u00e7\u00e3o Geogr\u00e1fica Algarve. &#8211; Mission &#8211; Certifier, contr\u00f4ler [&hellip;]<\/p>\n","protected":false},"author":1,"featured_media":0,"parent":13394,"menu_order":8,"comment_status":"closed","ping_status":"closed","template":"page-full-width.php","meta":{"_acf_changed":false,"inline_featured_image":false,"footnotes":""},"class_list":["post-13398","page","type-page","status-publish","hentry"],"acf":[],"yoast_head":"<!-- This site is optimized with the Yoast SEO plugin v26.7 - https:\/\/yoast.com\/wordpress\/plugins\/seo\/ -->\n<title>Qui nous sommes - Comiss\u00e3o de Vinhos do Algarve<\/title>\n<meta name=\"robots\" content=\"index, follow, max-snippet:-1, max-image-preview:large, max-video-preview:-1\" \/>\n<link rel=\"canonical\" href=\"https:\/\/www.vinhosdoalgarve.pt\/fr\/la-commission\/qui-nous-sommes\/\" \/>\n<meta property=\"og:locale\" content=\"fr_FR\" \/>\n<meta property=\"og:type\" content=\"article\" \/>\n<meta property=\"og:title\" content=\"Qui nous sommes - Comiss\u00e3o de Vinhos do Algarve\" \/>\n<meta property=\"og:description\" content=\"QUI NOUS SOMMES Commission du Vin de l&rsquo;Algarve &#8211; CVA A Comiss\u00e3o Vitivin\u00edcola do Algarve \u00e9 uma pessoa coletiva de direito privado e utilidade p\u00fablica, de car\u00e1cter interprofissional, acreditada desde 2012 para a certifica\u00e7\u00e3o dos produtos vitivin\u00edcolas com Denomina\u00e7\u00e3o de Origem Lagos, Portim\u00e3o, Lagoa e Tavira e Indica\u00e7\u00e3o Geogr\u00e1fica Algarve. &#8211; Mission &#8211; Certifier, contr\u00f4ler [&hellip;]\" \/>\n<meta property=\"og:url\" content=\"https:\/\/www.vinhosdoalgarve.pt\/fr\/la-commission\/qui-nous-sommes\/\" \/>\n<meta property=\"og:site_name\" content=\"Comiss\u00e3o de Vinhos do Algarve\" \/>\n<meta property=\"article:modified_time\" content=\"2024-05-02T08:21:34+00:00\" \/>\n<meta property=\"og:image\" content=\"https:\/\/www.vinhosdoalgarve.pt\/wp-content\/uploads\/2024\/01\/18A4006-scaled.jpg\" \/>\n<meta name=\"twitter:card\" content=\"summary_large_image\" \/>\n<meta name=\"twitter:label1\" content=\"Dur\u00e9e de lecture estim\u00e9e\" \/>\n\t<meta name=\"twitter:data1\" content=\"2 minutes\" \/>\n<script type=\"application\/ld+json\" class=\"yoast-schema-graph\">{\"@context\":\"https:\/\/schema.org\",\"@graph\":[{\"@type\":\"WebPage\",\"@id\":\"https:\/\/www.vinhosdoalgarve.pt\/fr\/la-commission\/qui-nous-sommes\/\",\"url\":\"https:\/\/www.vinhosdoalgarve.pt\/fr\/la-commission\/qui-nous-sommes\/\",\"name\":\"Qui nous sommes - Comiss\u00e3o de Vinhos do Algarve\",\"isPartOf\":{\"@id\":\"https:\/\/www.vinhosdoalgarve.pt\/fr\/#website\"},\"primaryImageOfPage\":{\"@id\":\"https:\/\/www.vinhosdoalgarve.pt\/fr\/la-commission\/qui-nous-sommes\/#primaryimage\"},\"image\":{\"@id\":\"https:\/\/www.vinhosdoalgarve.pt\/fr\/la-commission\/qui-nous-sommes\/#primaryimage\"},\"thumbnailUrl\":\"https:\/\/www.vinhosdoalgarve.pt\/wp-content\/uploads\/2024\/01\/18A4006-scaled.jpg\",\"datePublished\":\"2023-11-02T10:21:00+00:00\",\"dateModified\":\"2024-05-02T08:21:34+00:00\",\"breadcrumb\":{\"@id\":\"https:\/\/www.vinhosdoalgarve.pt\/fr\/la-commission\/qui-nous-sommes\/#breadcrumb\"},\"inLanguage\":\"fr-FR\",\"potentialAction\":[{\"@type\":\"ReadAction\",\"target\":[\"https:\/\/www.vinhosdoalgarve.pt\/fr\/la-commission\/qui-nous-sommes\/\"]}]},{\"@type\":\"ImageObject\",\"inLanguage\":\"fr-FR\",\"@id\":\"https:\/\/www.vinhosdoalgarve.pt\/fr\/la-commission\/qui-nous-sommes\/#primaryimage\",\"url\":\"https:\/\/www.vinhosdoalgarve.pt\/wp-content\/uploads\/2024\/01\/18A4006-scaled.jpg\",\"contentUrl\":\"https:\/\/www.vinhosdoalgarve.pt\/wp-content\/uploads\/2024\/01\/18A4006-scaled.jpg\"},{\"@type\":\"BreadcrumbList\",\"@id\":\"https:\/\/www.vinhosdoalgarve.pt\/fr\/la-commission\/qui-nous-sommes\/#breadcrumb\",\"itemListElement\":[{\"@type\":\"ListItem\",\"position\":1,\"name\":\"Home\",\"item\":\"https:\/\/www.vinhosdoalgarve.pt\/fr\/\"},{\"@type\":\"ListItem\",\"position\":2,\"name\":\"La Commission\",\"item\":\"https:\/\/www.vinhosdoalgarve.pt\/fr\/?page_id=13394\"},{\"@type\":\"ListItem\",\"position\":3,\"name\":\"Qui nous sommes\"}]},{\"@type\":\"WebSite\",\"@id\":\"https:\/\/www.vinhosdoalgarve.pt\/fr\/#website\",\"url\":\"https:\/\/www.vinhosdoalgarve.pt\/fr\/\",\"name\":\"Comiss\u00e3o de Vinhos do Algarve\",\"description\":\"\",\"publisher\":{\"@id\":\"https:\/\/www.vinhosdoalgarve.pt\/fr\/#organization\"},\"potentialAction\":[{\"@type\":\"SearchAction\",\"target\":{\"@type\":\"EntryPoint\",\"urlTemplate\":\"https:\/\/www.vinhosdoalgarve.pt\/fr\/?s={search_term_string}\"},\"query-input\":{\"@type\":\"PropertyValueSpecification\",\"valueRequired\":true,\"valueName\":\"search_term_string\"}}],\"inLanguage\":\"fr-FR\"},{\"@type\":\"Organization\",\"@id\":\"https:\/\/www.vinhosdoalgarve.pt\/fr\/#organization\",\"name\":\"Comiss\u00e3o de Vinhos do Algarve\",\"url\":\"https:\/\/www.vinhosdoalgarve.pt\/fr\/\",\"logo\":{\"@type\":\"ImageObject\",\"inLanguage\":\"fr-FR\",\"@id\":\"https:\/\/www.vinhosdoalgarve.pt\/fr\/#\/schema\/logo\/image\/\",\"url\":\"https:\/\/www.vinhosdoalgarve.pt\/wp-content\/uploads\/2023\/10\/logo-footer.svg\",\"contentUrl\":\"https:\/\/www.vinhosdoalgarve.pt\/wp-content\/uploads\/2023\/10\/logo-footer.svg\",\"width\":100,\"height\":245,\"caption\":\"Comiss\u00e3o de Vinhos do Algarve\"},\"image\":{\"@id\":\"https:\/\/www.vinhosdoalgarve.pt\/fr\/#\/schema\/logo\/image\/\"}}]}<\/script>\n<!-- \/ Yoast SEO plugin. -->","yoast_head_json":{"title":"Qui nous sommes - Comiss\u00e3o de Vinhos do Algarve","robots":{"index":"index","follow":"follow","max-snippet":"max-snippet:-1","max-image-preview":"max-image-preview:large","max-video-preview":"max-video-preview:-1"},"canonical":"https:\/\/www.vinhosdoalgarve.pt\/fr\/la-commission\/qui-nous-sommes\/","og_locale":"fr_FR","og_type":"article","og_title":"Qui nous sommes - Comiss\u00e3o de Vinhos do Algarve","og_description":"QUI NOUS SOMMES Commission du Vin de l&rsquo;Algarve &#8211; CVA A Comiss\u00e3o Vitivin\u00edcola do Algarve \u00e9 uma pessoa coletiva de direito privado e utilidade p\u00fablica, de car\u00e1cter interprofissional, acreditada desde 2012 para a certifica\u00e7\u00e3o dos produtos vitivin\u00edcolas com Denomina\u00e7\u00e3o de Origem Lagos, Portim\u00e3o, Lagoa e Tavira e Indica\u00e7\u00e3o Geogr\u00e1fica Algarve. &#8211; Mission &#8211; Certifier, contr\u00f4ler [&hellip;]","og_url":"https:\/\/www.vinhosdoalgarve.pt\/fr\/la-commission\/qui-nous-sommes\/","og_site_name":"Comiss\u00e3o de Vinhos do Algarve","article_modified_time":"2024-05-02T08:21:34+00:00","og_image":[{"url":"https:\/\/www.vinhosdoalgarve.pt\/wp-content\/uploads\/2024\/01\/18A4006-scaled.jpg","type":"","width":"","height":""}],"twitter_card":"summary_large_image","twitter_misc":{"Dur\u00e9e de lecture estim\u00e9e":"2 minutes"},"schema":{"@context":"https:\/\/schema.org","@graph":[{"@type":"WebPage","@id":"https:\/\/www.vinhosdoalgarve.pt\/fr\/la-commission\/qui-nous-sommes\/","url":"https:\/\/www.vinhosdoalgarve.pt\/fr\/la-commission\/qui-nous-sommes\/","name":"Qui nous sommes - Comiss\u00e3o de Vinhos do Algarve","isPartOf":{"@id":"https:\/\/www.vinhosdoalgarve.pt\/fr\/#website"},"primaryImageOfPage":{"@id":"https:\/\/www.vinhosdoalgarve.pt\/fr\/la-commission\/qui-nous-sommes\/#primaryimage"},"image":{"@id":"https:\/\/www.vinhosdoalgarve.pt\/fr\/la-commission\/qui-nous-sommes\/#primaryimage"},"thumbnailUrl":"https:\/\/www.vinhosdoalgarve.pt\/wp-content\/uploads\/2024\/01\/18A4006-scaled.jpg","datePublished":"2023-11-02T10:21:00+00:00","dateModified":"2024-05-02T08:21:34+00:00","breadcrumb":{"@id":"https:\/\/www.vinhosdoalgarve.pt\/fr\/la-commission\/qui-nous-sommes\/#breadcrumb"},"inLanguage":"fr-FR","potentialAction":[{"@type":"ReadAction","target":["https:\/\/www.vinhosdoalgarve.pt\/fr\/la-commission\/qui-nous-sommes\/"]}]},{"@type":"ImageObject","inLanguage":"fr-FR","@id":"https:\/\/www.vinhosdoalgarve.pt\/fr\/la-commission\/qui-nous-sommes\/#primaryimage","url":"https:\/\/www.vinhosdoalgarve.pt\/wp-content\/uploads\/2024\/01\/18A4006-scaled.jpg","contentUrl":"https:\/\/www.vinhosdoalgarve.pt\/wp-content\/uploads\/2024\/01\/18A4006-scaled.jpg"},{"@type":"BreadcrumbList","@id":"https:\/\/www.vinhosdoalgarve.pt\/fr\/la-commission\/qui-nous-sommes\/#breadcrumb","itemListElement":[{"@type":"ListItem","position":1,"name":"Home","item":"https:\/\/www.vinhosdoalgarve.pt\/fr\/"},{"@type":"ListItem","position":2,"name":"La Commission","item":"https:\/\/www.vinhosdoalgarve.pt\/fr\/?page_id=13394"},{"@type":"ListItem","position":3,"name":"Qui nous sommes"}]},{"@type":"WebSite","@id":"https:\/\/www.vinhosdoalgarve.pt\/fr\/#website","url":"https:\/\/www.vinhosdoalgarve.pt\/fr\/","name":"Comiss\u00e3o de Vinhos do Algarve","description":"","publisher":{"@id":"https:\/\/www.vinhosdoalgarve.pt\/fr\/#organization"},"potentialAction":[{"@type":"SearchAction","target":{"@type":"EntryPoint","urlTemplate":"https:\/\/www.vinhosdoalgarve.pt\/fr\/?s={search_term_string}"},"query-input":{"@type":"PropertyValueSpecification","valueRequired":true,"valueName":"search_term_string"}}],"inLanguage":"fr-FR"},{"@type":"Organization","@id":"https:\/\/www.vinhosdoalgarve.pt\/fr\/#organization","name":"Comiss\u00e3o de Vinhos do Algarve","url":"https:\/\/www.vinhosdoalgarve.pt\/fr\/","logo":{"@type":"ImageObject","inLanguage":"fr-FR","@id":"https:\/\/www.vinhosdoalgarve.pt\/fr\/#\/schema\/logo\/image\/","url":"https:\/\/www.vinhosdoalgarve.pt\/wp-content\/uploads\/2023\/10\/logo-footer.svg","contentUrl":"https:\/\/www.vinhosdoalgarve.pt\/wp-content\/uploads\/2023\/10\/logo-footer.svg","width":100,"height":245,"caption":"Comiss\u00e3o de Vinhos do Algarve"},"image":{"@id":"https:\/\/www.vinhosdoalgarve.pt\/fr\/#\/schema\/logo\/image\/"}}]}},"_links":{"self":[{"href":"https:\/\/www.vinhosdoalgarve.pt\/fr\/wp-json\/wp\/v2\/pages\/13398","targetHints":{"allow":["GET"]}}],"collection":[{"href":"https:\/\/www.vinhosdoalgarve.pt\/fr\/wp-json\/wp\/v2\/pages"}],"about":[{"href":"https:\/\/www.vinhosdoalgarve.pt\/fr\/wp-json\/wp\/v2\/types\/page"}],"author":[{"embeddable":true,"href":"https:\/\/www.vinhosdoalgarve.pt\/fr\/wp-json\/wp\/v2\/users\/1"}],"replies":[{"embeddable":true,"href":"https:\/\/www.vinhosdoalgarve.pt\/fr\/wp-json\/wp\/v2\/comments?post=13398"}],"version-history":[{"count":10,"href":"https:\/\/www.vinhosdoalgarve.pt\/fr\/wp-json\/wp\/v2\/pages\/13398\/revisions"}],"predecessor-version":[{"id":14192,"href":"https:\/\/www.vinhosdoalgarve.pt\/fr\/wp-json\/wp\/v2\/pages\/13398\/revisions\/14192"}],"up":[{"embeddable":true,"href":"https:\/\/www.vinhosdoalgarve.pt\/fr\/wp-json\/wp\/v2\/pages\/13394"}],"wp:attachment":[{"href":"https:\/\/www.vinhosdoalgarve.pt\/fr\/wp-json\/wp\/v2\/media?parent=13398"}],"curies":[{"name":"wp","href":"https:\/\/api.w.org\/{rel}","templated":true}]}}